{"id":106,"date":"2014-07-16T14:18:05","date_gmt":"2014-07-16T13:18:05","guid":{"rendered":"http:\/\/www.acj-poitiers.fr\/?page_id=106"},"modified":"2024-02-11T20:16:20","modified_gmt":"2024-02-11T19:16:20","slug":"lieu-de-repetition","status":"publish","type":"page","link":"https:\/\/www.acj-clairmatin.fr\/?page_id=106","title":{"rendered":"Lieu de r\u00e9p\u00e9tition"},"content":{"rendered":"\n<p>\u00a0<\/p>\n<p style=\"text-align: center;\"><span style=\"font-family: 'comic sans ms', sans-serif; font-size: 14pt; color: #000000;\">A compter du 4 Janvier 2024<\/span><\/p>\n<p style=\"text-align: center;\"><span style=\"font-family: 'comic sans ms', sans-serif; font-size: 14pt; color: #000000;\"> r\u00e9p\u00e9titions au 221, rue Bonfante &#8211; Toulon<\/span><\/p>\n<p style=\"text-align: center;\"><strong><span style=\"font-family: 'comic sans ms', sans-serif; font-size: 14pt; color: #000000;\">entr\u00e9e par le 55 Rue de Montserrat<\/span><\/strong><\/p>\n<p style=\"text-align: center;\"><span style=\"font-family: 'comic sans ms', sans-serif; font-size: 14pt; color: #000000;\">Acc\u00e8s bus Ligne 11<\/span><\/p>\n<p>\u00a0<\/p>\n<p><img loading=\"lazy\" decoding=\"async\" class=\"aligncenter wp-image-6427\" src=\"https:\/\/www.acj-clairmatin.fr\/wp-content\/uploads\/2024\/01\/carte_lieu_de_repetition-1-300x154.jpg\" alt=\"\" width=\"653\" height=\"335\" srcset=\"https:\/\/www.acj-clairmatin.fr\/wp-content\/uploads\/2024\/01\/carte_lieu_de_repetition-1-300x154.jpg 300w, https:\/\/www.acj-clairmatin.fr\/wp-content\/uploads\/2024\/01\/carte_lieu_de_repetition-1-595x305.jpg 595w, https:\/\/www.acj-clairmatin.fr\/wp-content\/uploads\/2024\/01\/carte_lieu_de_repetition-1-150x77.jpg 150w, https:\/\/www.acj-clairmatin.fr\/wp-content\/uploads\/2024\/01\/carte_lieu_de_repetition-1-768x393.jpg 768w, https:\/\/www.acj-clairmatin.fr\/wp-content\/uploads\/2024\/01\/carte_lieu_de_repetition-1-1536x787.jpg 1536w, https:\/\/www.acj-clairmatin.fr\/wp-content\/uploads\/2024\/01\/carte_lieu_de_repetition-1.jpg 1609w\" sizes=\"auto, (max-width: 653px) 100vw, 653px\" \/><\/p>\n\n\n","protected":false},"excerpt":{"rendered":"<p>\u00a0 A compter du 4 Janvier 2024 r\u00e9p\u00e9titions au 221, rue Bonfante &#8211; Toulon entr\u00e9e par le 55 Rue de Montserrat Acc\u00e8s bus Ligne 11 \u00a0<\/p>\n","protected":false},"author":5,"featured_media":0,"parent":0,"menu_order":0,"comment_status":"closed","ping_status":"closed","template":"","meta":{"footnotes":""},"class_list":["post-106","page","type-page","status-publish","hentry"],"jetpack_sharing_enabled":true,"_links":{"self":[{"href":"https:\/\/www.acj-clairmatin.fr\/index.php?rest_route=\/wp\/v2\/pages\/106","targetHints":{"allow":["GET"]}}],"collection":[{"href":"https:\/\/www.acj-clairmatin.fr\/index.php?rest_route=\/wp\/v2\/pages"}],"about":[{"href":"https:\/\/www.acj-clairmatin.fr\/index.php?rest_route=\/wp\/v2\/types\/page"}],"author":[{"embeddable":true,"href":"https:\/\/www.acj-clairmatin.fr\/index.php?rest_route=\/wp\/v2\/users\/5"}],"replies":[{"embeddable":true,"href":"https:\/\/www.acj-clairmatin.fr\/index.php?rest_route=%2Fwp%2Fv2%2Fcomments&post=106"}],"version-history":[{"count":11,"href":"https:\/\/www.acj-clairmatin.fr\/index.php?rest_route=\/wp\/v2\/pages\/106\/revisions"}],"predecessor-version":[{"id":6489,"href":"https:\/\/www.acj-clairmatin.fr\/index.php?rest_route=\/wp\/v2\/pages\/106\/revisions\/6489"}],"wp:attachment":[{"href":"https:\/\/www.acj-clairmatin.fr\/index.php?rest_route=%2Fwp%2Fv2%2Fmedia&parent=106"}],"curies":[{"name":"wp","href":"https:\/\/api.w.org\/{rel}","templated":true}]}}