{"id":109,"date":"2014-07-16T14:19:42","date_gmt":"2014-07-16T13:19:42","guid":{"rendered":"http:\/\/www.acj-poitiers.fr\/?page_id=109"},"modified":"2025-09-18T22:43:17","modified_gmt":"2025-09-18T20:43:17","slug":"la-cotisation","status":"publish","type":"page","link":"https:\/\/www.acj-clairmatin.fr\/?page_id=109","title":{"rendered":"La cotisation"},"content":{"rendered":"<p><span style=\"color: #000000; font-family: 'comic sans ms', sans-serif;\"><strong><span style=\"font-size: 18pt;\">Pour la saison 2025\/2026<\/span><\/strong><\/span><\/p>\n<p><span style=\"color: #000000;\"><strong><span style=\"font-family: 'comic sans ms', sans-serif; font-size: 14pt;\">Adh\u00e9sion ACJ CLAIR MATIN tout choriste : 70 \u20ac<\/span><\/strong><\/span><\/p>\n<p><strong><span style=\"font-family: 'comic sans ms', sans-serif; font-size: 14pt; color: #000000;\">Adh\u00e9sion compl\u00e9mentaire, facultative \u00e0 A COEUR JOIE NATIONAL :50\u20ac<\/span><\/strong><\/p>\n<p><span style=\"color: #000000; font-family: 'comic sans ms', sans-serif; font-size: 14pt;\">L\u2019association \u00ab \u00c0 C\u0153ur Joie\u00a0\u00bb \u00e9tant reconnue d\u2019utilit\u00e9 publique, la part de la cotisation vers\u00e9e \u00e0 ACJ National ouvre droit \u00e0 une r\u00e9duction d&rsquo;imp\u00f4t.<\/span><\/p>\n","protected":false},"excerpt":{"rendered":"<p>Pour la saison 2025\/2026 Adh\u00e9sion ACJ CLAIR MATIN tout choriste : 70 \u20ac Adh\u00e9sion compl\u00e9mentaire, facultative \u00e0 A COEUR JOIE NATIONAL :50\u20ac L\u2019association \u00ab \u00c0 C\u0153ur Joie\u00a0\u00bb \u00e9tant reconnue d\u2019utilit\u00e9 publique, la part de la cotisation vers\u00e9e \u00e0 ACJ National ouvre droit \u00e0 une r\u00e9duction d&rsquo;imp\u00f4t.<\/p>\n","protected":false},"author":5,"featured_media":0,"parent":0,"menu_order":0,"comment_status":"closed","ping_status":"closed","template":"","meta":{"footnotes":""},"class_list":["post-109","page","type-page","status-publish","hentry"],"jetpack_sharing_enabled":true,"_links":{"self":[{"href":"https:\/\/www.acj-clairmatin.fr\/index.php?rest_route=\/wp\/v2\/pages\/109","targetHints":{"allow":["GET"]}}],"collection":[{"href":"https:\/\/www.acj-clairmatin.fr\/index.php?rest_route=\/wp\/v2\/pages"}],"about":[{"href":"https:\/\/www.acj-clairmatin.fr\/index.php?rest_route=\/wp\/v2\/types\/page"}],"author":[{"embeddable":true,"href":"https:\/\/www.acj-clairmatin.fr\/index.php?rest_route=\/wp\/v2\/users\/5"}],"replies":[{"embeddable":true,"href":"https:\/\/www.acj-clairmatin.fr\/index.php?rest_route=%2Fwp%2Fv2%2Fcomments&post=109"}],"version-history":[{"count":20,"href":"https:\/\/www.acj-clairmatin.fr\/index.php?rest_route=\/wp\/v2\/pages\/109\/revisions"}],"predecessor-version":[{"id":8427,"href":"https:\/\/www.acj-clairmatin.fr\/index.php?rest_route=\/wp\/v2\/pages\/109\/revisions\/8427"}],"wp:attachment":[{"href":"https:\/\/www.acj-clairmatin.fr\/index.php?rest_route=%2Fwp%2Fv2%2Fmedia&parent=109"}],"curies":[{"name":"wp","href":"https:\/\/api.w.org\/{rel}","templated":true}]}}