{"id":2804,"date":"2021-10-21T08:02:41","date_gmt":"2021-10-21T07:02:41","guid":{"rendered":"https:\/\/www.acj-poitiers.fr\/?page_id=2804"},"modified":"2026-01-02T19:35:41","modified_gmt":"2026-01-02T17:35:41","slug":"accueil","status":"publish","type":"page","link":"https:\/\/www.acj-clairmatin.fr\/","title":{"rendered":"Accueil"},"content":{"rendered":"\n<p data-start=\"239\" data-end=\"308\"><span style=\"font-family: 'comic sans ms', sans-serif; font-size: 14pt;\"><strong data-start=\"239\" data-end=\"308\">Bienvenue sur le site de notre chorale polyphonique toulonnaise !<\/strong><\/span><\/p>\n<p data-start=\"313\" data-end=\"565\"><span style=\"font-family: 'comic sans ms', sans-serif; font-size: 14pt; color: #000000;\">Fond\u00e9e il y a plus de 75 ans, notre chorale dynamique est fi\u00e8re d\u2019\u00eatre, depuis ses d\u00e9buts, affili\u00e9e au mouvement <em data-start=\"426\" data-end=\"439\">\u00c0 C\u0153ur Joie<\/em>. Au fil des g\u00e9n\u00e9rations, nous avons partag\u00e9 avec un public fid\u00e8le et enthousiaste notre passion commune pour le chant choral.<\/span><\/p>\n<p data-start=\"570\" data-end=\"740\"><span style=\"font-family: 'comic sans ms', sans-serif; font-size: 14pt; color: #000000;\">Notre r\u00e9pertoire, riche et vari\u00e9, voyage des grands classiques aux \u0153uvres contemporaines, t\u00e9moignant de notre engagement \u00e0 faire vivre la musique dans toute sa diversit\u00e9.<\/span><\/p>\n<p data-start=\"745\" data-end=\"1032\"><span style=\"font-family: 'comic sans ms', sans-serif; font-size: 14pt; color: #000000;\">Si, pour vous aussi, <strong data-start=\"766\" data-end=\"825\">le plaisir de chanter rime avec convivialit\u00e9 et partage<\/strong>, nous esp\u00e9rons que ces quelques pages sauront vous donner un bel aper\u00e7u de nos activit\u00e9s \u2014 et, qui sait, peut-\u00eatre l\u2019envie de nous rejoindre ou de venir nous \u00e9couter lors de l\u2019un de nos prochains concerts !<\/span><\/p>\n<p style=\"text-align: justify;\"><span style=\"color: #000000; font-size: 18pt;\"><strong style=\"font-family: 'comic sans ms', sans-serif; text-align: center;\">SAISON 2025 &#8211; 2026 &#8230;\u00c7a s&rsquo;annonce intense <span style=\"color: #000000; font-family: 'comic sans ms', sans-serif; font-size: 14pt;\">!<\/span><\/strong><\/span><\/p>\n<p style=\"text-align: justify;\"><strong><span style=\"font-family: 'comic sans ms', sans-serif; font-size: 14pt; color: #000000;\">Janvier<\/span><\/strong><\/p>\n<p><img loading=\"lazy\" decoding=\"async\" class=\"alignright size-medium wp-image-8688\" src=\"https:\/\/www.acj-clairmatin.fr\/wp-content\/uploads\/2026\/01\/250126Affiche3Validee-208x300.jpg\" alt=\"\" width=\"208\" height=\"300\" srcset=\"https:\/\/www.acj-clairmatin.fr\/wp-content\/uploads\/2026\/01\/250126Affiche3Validee-208x300.jpg 208w, https:\/\/www.acj-clairmatin.fr\/wp-content\/uploads\/2026\/01\/250126Affiche3Validee.jpg 540w\" sizes=\"auto, (max-width: 208px) 100vw, 208px\" \/><\/p>\n<p><span style=\"font-family: 'comic sans ms', sans-serif; font-size: large; color: #000000;\">Le dimanche 25 janvier, c&rsquo;est \u00e0 Brignoles, Hall des expositions- 16h, que nous retrouverons nos amis de Brignoles et Gareoult toujours autour de Mozart, accompagnes par nos solistes et l&rsquo;orchestre Allegria !<\/span><\/p>\n<p><span style=\"font-family: 'comic sans ms', sans-serif; color: #000000; font-size: 14pt;\">Une belle occasion de venir nous \u00e9couter si vous n&rsquo;avez pas pu assister \u00e0 notre concert \u00e0 Saint Joseph fin novembre<\/span><\/p>\n<p>\u00a0<\/p>\n<p style=\"text-align: justify;\"><strong><span style=\"font-family: 'comic sans ms', sans-serif; font-size: 14pt; color: #000000;\">D\u00e9cembre<\/span><\/strong><\/p>\n<p><span style=\"font-family: 'comic sans ms', sans-serif; font-size: large; color: #000000;\">Dans un tout autre registre, \u00a0pour f\u00eater le temps de l&rsquo;Avent en chansons, nous avons \u00a0transform\u00e9 pour quelques heures \u00a0les galeries commerciales de Mayol et de grand Var en un sc\u00e8ne vibrante de joie et de partage. Les trois premiers samedi de d\u00e9cembre, en d\u00e9but d&rsquo;apr\u00e8s-midi, vous avez \u00e9t\u00e9 nombreux \u00e0 unir vos voix \u00e0 celles des choristes de Clair Matin dans une ambiance conviviale et d\u00e9tendue. Micro en main, ou en choeur, toutes g\u00e9n\u00e9rations confondues, vous avez prouv\u00e9 que la musique rassemble et transcende ! Bravo et merci \u00e0 tous pour ces moments de bonheur !<\/span><\/p>\n<p><span style=\"color: #000000;\"><strong><span style=\"font-family: 'comic sans ms', sans-serif; font-size: 14pt;\">Novembre<\/span><\/strong><\/span><\/p>\n<p><span style=\"font-family: 'comic sans ms', sans-serif; font-size: large; color: #000000;\">En partenariat avec nos chorales amies de Brignoles (Eclats de Voix) et de Gar\u00e9oult (Cantabile), ainsi que l&rsquo;orchestre Allegria, accompagn\u00e9s de nos solistes Marie Noelle Simone (soprano) , Bruno Picaud\u00e9 (contre-t\u00e9nor), Arnaud Herv\u00e9 (t\u00e9nor), Antoine Abello (basse) et Salvatore Maligno (Fl\u00fbte)\u00a0 \u00a0notre concert du \u00a029 novembre \u00e0 Saint Joseph du Pont du Las fut un grand moment ! \u00a0Un tr\u00e8s grand merci au public venu nombreux nous \u00e9couter ! &#x1f3b6;Ses chaleureux applaudissements sont notre plus belle r\u00e9compense pour cette soir\u00e9e pleine d\u2019\u00e9motion, ce <span style=\"font-family: comic sans ms, sans-serif; font-size: large;\">magnifique moment de partage autour de Mozart<\/span>. Merci \u00e0 tous ! \u00a0<\/span><\/p>\n<p><span style=\"font-family: 'comic sans ms', sans-serif; font-size: large; color: #000000;\">Nous avons pris beaucoup de plaisir \u00e0 chanter le 16 Novembre \u00e0 Saint Louis pour c\u00e9l\u00e9brer les 30 ans de \u00a0la chorale Cantadis qui nous avait invit\u00e9 \u00e0 partager son concert.\u00a0<\/span><\/p>\n<p>\u00a0<\/p>\n<div style=\"font-family: 'Comic Sans MS', cursive, sans-serif; text-align: center;\"><img loading=\"lazy\" decoding=\"async\" style=\"margin: 10px;\" src=\"https:\/\/www.acj-clairmatin.fr\/wp-content\/uploads\/2025\/10\/291125Affiche3Validee-150x150.jpg\" alt=\"Affiche concert 29 novembre\" width=\"150\" height=\"150\" \/> <img loading=\"lazy\" decoding=\"async\" style=\"margin: 10px;\" src=\"https:\/\/www.acj-clairmatin.fr\/wp-content\/uploads\/2025\/10\/Affiche-concert-16-nov.-071903sd-jpg-1-1-150x150.jpg\" alt=\"Affiche concert 16 novembre\" width=\"150\" height=\"150\" \/><\/div>\n<div>\n<p style=\"text-align: center;\"><span style=\"color: #000000;\"><strong style=\"font-size: 18pt; text-align: center;\"><span style=\"font-size: 14pt;\">\u266a\u266a\u266a<\/span><\/strong><\/span><\/p>\n<p>\u00a0<\/p>\n<p><strong><span style=\"font-family: 'comic sans ms', sans-serif; font-size: 14pt; color: #000000;\">Octobre<\/span><\/strong><\/p>\n<p><span style=\"color: #000000; font-family: 'comic sans ms', sans-serif; font-size: 14pt;\">Pour mieux faire connaissance et accueillir les nouveaux choristes, nous nous sommes retrouv\u00e9s le samedi 4 octobre pour une\u00a0journ\u00e9e plac\u00e9e sous le signe de la musique, de la bonne humeur et des rencontres !<\/span><br \/><br \/><span style=\"color: #000000; font-family: 'comic sans ms', sans-serif; font-size: 14pt;\">Au programme :<\/span><br \/><span style=\"color: #000000; font-family: 'comic sans ms', sans-serif; font-size: 14pt;\">\u2022Des chants\u00a0pour explorer notre r\u00e9pertoire et vibrer en harmonie,<\/span><br \/><span style=\"color: #000000; font-family: 'comic sans ms', sans-serif; font-size: 14pt;\">\u2022Des jeux\u00a0pour briser la glace et cr\u00e9er des complicit\u00e9s,<\/span><br \/><span style=\"color: #000000; font-family: 'comic sans ms', sans-serif; font-size: 14pt;\">\u2022Une auberge espagnole\u00a0pour d\u00e9guster et \u00e9changer autour de sp\u00e9cialit\u00e9s apport\u00e9es par chacun,<\/span><br \/><span style=\"color: #000000; font-family: 'comic sans ms', sans-serif; font-size: 14pt;\">\u2022Des animations\u00a0pour une ambiance festive et m\u00e9morable..<\/span><br \/><span style=\"color: #000000; font-family: 'comic sans ms', sans-serif; font-size: 14pt;\">Apportez\u00a0votre sourire, votre bonne humeur, et un plat \u00e0 partager pour l\u2019auberge espagnole !<\/span><br \/><span style=\"color: #000000; font-family: 'comic sans ms', sans-serif; font-size: 14pt;\">Rendez-vous\u00a0ce samedi 4 octobre \u00e0 notre local de Valbertrand<\/span><br \/><span style=\"color: #000000; font-family: 'comic sans ms', sans-serif; font-size: 14pt;\">221 rue Bonfante \u00e0 Toulon<\/span><br \/><span style=\"color: #000000; font-family: 'comic sans ms', sans-serif; font-size: 14pt;\">10h-18H <\/span><br \/><span style=\"color: #000000; font-family: 'comic sans ms', sans-serif; font-size: 14pt;\">Tenue d\u00e9contract\u00e9e! <\/span><br \/><span style=\"color: #000000; font-family: 'comic sans ms', sans-serif; font-size: 14pt;\">Ensemble, lan\u00e7ons cette nouvelle saison en musique et en convivialit\u00e9<\/span><\/p>\n<p><strong><span style=\"font-family: 'comic sans ms', sans-serif; font-size: 14pt; color: #000000;\">Septembre<\/span><\/strong><\/p>\n<p><span style=\"font-family: 'comic sans ms', sans-serif; font-size: 14pt; color: #000000;\">A peine la reprise et d\u00e9j\u00e0 un long samedi de r\u00e9p\u00e9tition pour pr\u00e9parer notre grand concert du mois de Novembre! Nos amis de\u00a0\u00bb Gar\u00e9oult et de Brignoles \u00e9taient de la partie et\u00a0<\/span><\/p>\n<p><span style=\"font-family: 'comic sans ms', sans-serif; font-size: 14pt; color: #000000;\"> Comme tous les ans, nous avons chant\u00e9 lors de la comm\u00e9moration du drame de Mannheim le 11 septembre sur les plages du Mourillon, l&rsquo;occasion ensuite de prendre un verre tous ensemble et faire connaissance avec les nouveaux \u00e0 qui nous souhaitons Bienvenue.\u00a0<\/span><\/p>\n<p><span style=\"font-family: 'comic sans ms', sans-serif; font-size: 14pt; color: #000000;\">Nous \u00e9tions ravis de nous retrouver d\u00e8s le 4 septembre pour la reprise des r\u00e9p\u00e9titions et de participer le 6 septembre au forum des associations au Palais Neptune. Merci \u00e0 nos nombreux visiteurs que nous esp\u00e9rons retrouver lors de nos concerts.<\/span><\/p>\n<p style=\"text-align: justify;\"><span style=\"color: #000000;\"><strong style=\"font-family: 'comic sans ms', sans-serif; font-size: 24pt; text-align: center;\">SAISON 2024 &#8211; 2025<\/strong><\/span><\/p>\n<\/div>\n<p style=\"text-align: center;\"><span style=\"font-family: 'comic sans ms', sans-serif; font-size: 12pt;\"><b>Mai<\/b><\/span><\/p>\n<p><img loading=\"lazy\" decoding=\"async\" class=\"alignleft size-thumbnail wp-image-8247\" src=\"https:\/\/www.acj-clairmatin.fr\/wp-content\/uploads\/2025\/04\/Affiche4-150x150.jpg\" alt=\"\" width=\"150\" height=\"150\" srcset=\"https:\/\/www.acj-clairmatin.fr\/wp-content\/uploads\/2025\/04\/Affiche4-150x150.jpg 150w, https:\/\/www.acj-clairmatin.fr\/wp-content\/uploads\/2025\/04\/Affiche4-80x80.jpg 80w, https:\/\/www.acj-clairmatin.fr\/wp-content\/uploads\/2025\/04\/Affiche4-320x320.jpg 320w\" sizes=\"auto, (max-width: 150px) 100vw, 150px\" \/><\/p>\n<p><span style=\"font-family: 'comic sans ms', sans-serif;\"><strong>Le 31 Mai, nous donnions notre dernier concert de la saison 2024-2025!\u00a0<\/strong><\/span><\/p>\n<p><strong><span style=\"font-family: 'comic sans ms', sans-serif;\">Prochain concert en Novembre 2025<\/span><\/strong><\/p>\n<p>\u00a0<\/p>\n<p>\u00a0<\/p>\n<p>\u00a0<\/p>\n<p><span style=\"font-family: 'comic sans ms', sans-serif;\"><strong>S\u00e9jour \u00e0 Milan du 21 au 26 pour participer au Festival International national de chorale de Milan<\/strong><\/span><\/p>\n<p><span style=\"font-family: 'comic sans ms', sans-serif;\">Nous avons eu le grand plaisir de chanter \u00e0 nouveau la Missa Di Gloria de Puccini avec nos partenaires de Cantabile et la chorale Italienne Canti Corum dans la magnifique \u00c9glise San&rsquo;t Antonio Abate et de participer \u00e0 3 autres concerts dans des lieux somptueux comme la Villa Arconati ou l&rsquo;\u00c9glise des All Saints!<\/span><\/p>\n<p><span style=\"font-family: 'comic sans ms', sans-serif;\"><a href=\"https:\/\/www.acj-clairmatin.fr\/wp-content\/uploads\/2025\/06\/IMG_0183.mov\">Extrait Missa Di Gloria\u00a0\u00a0<\/a><\/span><\/p>\n<p><span style=\"font-family: 'comic sans ms', sans-serif;\">Ce s\u00e9jour nous a permis de faire un petit tour sur le lac de C\u00f4me et de d\u00e9couvrir le coeur du vieux \u00a0Milan.<\/span><\/p>\n<p><span style=\"font-family: 'comic sans ms', sans-serif;\">De chaleureux applaudissements du public italien et de jolis souvenirs pour Clair Matin.<\/span><\/p>\n<p style=\"text-align: center;\"><span style=\"font-family: 'comic sans ms', sans-serif; font-size: 12pt;\"><b>Mars\u00a0<\/b><\/span><\/p>\n<p><span style=\"font-size: 12pt;\"><strong><span style=\"font-family: 'comic sans ms', sans-serif;\">Participation au <a href=\"https:\/\/www.acj-clairmatin.fr\/?page_id=8183\">stage A Coeur Joie \u00ab\u00a0Nouveaux Rivages\u00a0\u00bb<\/a> \u00e0 Hy\u00e8res\u00a0\u00a0<\/span><\/strong><\/span><\/p>\n<p><span style=\"font-family: 'comic sans ms', sans-serif; font-size: 12pt;\">Le 22, journ\u00e9e de stage Corps et Chant anim\u00e9 par Catherine Decaen-Poisson dans nos locaux \u00e0 Valbertrand<\/span><\/p>\n<p style=\"text-align: center;\"><span style=\"font-size: 12pt; color: #000000;\"><strong>\u266a\u266a\u266a<\/strong><\/span><br \/><span style=\"font-family: 'comic sans ms', sans-serif; font-size: 12pt;\"><b>D\u00e9cembre\u00a0<\/b><\/span><\/p>\n<p style=\"text-align: center;\"><span style=\"color: #000000; font-size: 12pt;\"><strong><span style=\"font-family: 'comic sans ms', sans-serif;\"><img loading=\"lazy\" decoding=\"async\" class=\"alignleft  wp-image-7091\" src=\"https:\/\/www.acj-clairmatin.fr\/wp-content\/uploads\/2024\/10\/Affiche-208x300.jpg\" alt=\"\" width=\"134\" height=\"194\" srcset=\"https:\/\/www.acj-clairmatin.fr\/wp-content\/uploads\/2024\/10\/Affiche-208x300.jpg 208w, https:\/\/www.acj-clairmatin.fr\/wp-content\/uploads\/2024\/10\/Affiche.jpg 540w\" sizes=\"auto, (max-width: 134px) 100vw, 134px\" \/><\/span><\/strong><\/span><\/p>\n<p>\u00a0<\/p>\n<p>\u00a0<\/p>\n<p><span style=\"color: #000000; font-size: 12pt;\"><strong><span style=\"font-family: 'comic sans ms', sans-serif;\">Le dimanche 8 d\u00e9cembre nous donnions un Concert de No\u00ebl \u00e0 l&rsquo;Eglise Saint-Louis,<\/span><\/strong><\/span><\/p>\n<p>\u00a0<\/p>\n<div style=\"width: 848px;\" class=\"wp-video\"><video class=\"wp-video-shortcode\" id=\"video-2804-1\" width=\"848\" height=\"480\" poster=\"https:\/\/www.acj-clairmatin.fr\/wp-content\/uploads\/2025\/03\/453a486f-3221-479c-a95e-29ac02de72f5.jpg\" preload=\"metadata\" controls=\"controls\"><source type=\"video\/mp4\" src=\"https:\/\/www.acj-clairmatin.fr\/wp-content\/uploads\/2025\/03\/2390e20b-e5f6-4ad6-8797-406d6e03aff3.mp4?_=1\" \/><a href=\"https:\/\/www.acj-clairmatin.fr\/wp-content\/uploads\/2025\/03\/2390e20b-e5f6-4ad6-8797-406d6e03aff3.mp4\">https:\/\/www.acj-clairmatin.fr\/wp-content\/uploads\/2025\/03\/2390e20b-e5f6-4ad6-8797-406d6e03aff3.mp4<\/a><\/video><\/div>\n<p>\u00a0<\/p>\n<p style=\"text-align: justify;\"><span style=\"font-size: 12pt;\"><strong><span style=\"font-family: 'comic sans ms', sans-serif;\">et le 19, Soir\u00e9e de fin d&rsquo;ann\u00e9e avec Karaok\u00e9&#8230;. nous ne pouvons pas nous emp\u00eacher de <\/span><\/strong><span style=\"font-family: comic sans ms, sans-serif;\"><b>chanter !! (Acc\u00e8s aux <a href=\"https:\/\/www.acj-clairmatin.fr\/?page_id=5056\">photos <\/a>r\u00e9serv\u00e9 aux choristes)<\/b><\/span><\/span><\/p>\n<p style=\"text-align: center;\"><span style=\"font-size: 18pt; color: #000000;\"><strong><span style=\"font-size: 14pt;\">\u266a\u266a\u266a<\/span><\/strong><\/span><br \/><span style=\"font-family: 'comic sans ms', sans-serif; font-size: 14pt; color: #000000;\"><strong>Premi\u00e8re semaine d&rsquo;Octobre<\/strong><\/span><\/p>\n<p style=\"text-align: justify;\"><span style=\"color: #000000; font-size: 12pt;\"><strong><span style=\"font-family: 'comic sans ms', sans-serif;\">La nouvelle saison a d\u00e9marr\u00e9 tr\u00e8s fort avec la visite <span style=\"font-family: 'comic sans ms', sans-serif;\">du choeur Singkreis-Seckenheim<\/span>de. Du <\/span><\/strong><strong><span style=\"font-family: 'comic sans ms', sans-serif;\">2 au 7 octobre, nous avons eu l&rsquo;immense plaisir de recevoir nos amis allemands dans le cadre du 65\u00e8me anniversaire du jumelage Toulon-Mannheim et du 80\u00e8me anniversaire du d\u00e9barquement en Provence. <span style=\"font-family: 'comic sans ms', sans-serif;\">De la musique, des chants, des rires, de belles \u00a0d\u00e9couvertes culturelles et culinaires, de nombreux moments de convivialit\u00e9 et de partage, des \u00e9changes forts, \u00a0un<\/span> programme riche et vari\u00e9 avec en point d&rsquo;orgue le Grand concert du \u00a065e anniversaire du Jumelage Toulon &#8211; Mannheim \u00e0 l&rsquo;<\/span><\/strong><strong><span style=\"font-family: 'comic sans ms', sans-serif;\">Eglise St Joseph du Pont du Las, le <span style=\"font-family: 'comic sans ms', sans-serif;\">5 octobre \u00e0 15h, avec plus de 130 choristes et 38 musiciens et solistes !<\/span><\/span><\/strong><\/span><\/p>\n<p><span style=\"color: #000000; font-size: 12pt;\"><strong><span style=\"font-family: 'comic sans ms', sans-serif;\"><img loading=\"lazy\" decoding=\"async\" class=\"wp-image-6888 size-medium alignleft\" src=\"https:\/\/www.acj-clairmatin.fr\/wp-content\/uploads\/2024\/09\/Affiche8-208x300.jpg\" alt=\"\" width=\"208\" height=\"300\" srcset=\"https:\/\/www.acj-clairmatin.fr\/wp-content\/uploads\/2024\/09\/Affiche8-208x300.jpg 208w, https:\/\/www.acj-clairmatin.fr\/wp-content\/uploads\/2024\/09\/Affiche8-748x1080.jpg 748w, https:\/\/www.acj-clairmatin.fr\/wp-content\/uploads\/2024\/09\/Affiche8.jpg 750w\" sizes=\"auto, (max-width: 208px) 100vw, 208px\" \/><\/span><\/strong><\/span><\/p>\n<p style=\"text-align: justify;\"><span style=\"color: #000000; font-size: 12pt;\"><strong><span style=\"font-family: 'comic sans ms', sans-serif;\">Ce fut un tr\u00e8s grand et beau moment de musique et de partage, avec nos chorales amies du var, Cantabile, Eclats de Voix, les anciens de l&rsquo;Usam et l&rsquo;orchestre Allegria ! Au nom de tous les choristes, musiciens, solistes et chefs de ch\u0153ur, nous tenons \u00e0 vous exprimer notre sinc\u00e8re gratitude, chers spectateurs fid\u00e8les, pour avoir \u00e9t\u00e9 si nombreux \u00e0 partager avec nous ce moment magique. Nous sommes convaincus que notre joie de chanter a r\u00e9sonn\u00e9 parmi vous, et la clameur de vos applaudissements chaleureux a \u00e9t\u00e9 pour nous la plus belle reconnaissance de notre travail.<\/span><\/strong><\/span><\/p>\n<p><span style=\"color: #000000; font-size: 12pt;\"><strong><span style=\"font-family: 'comic sans ms', sans-serif;\">Vous pourrez vivre ou revivre les temps forts de ce s\u00e9jour et <\/span><span style=\"color: #000000;\"><span style=\"font-family: 'comic sans ms', sans-serif;\">de notre concert, en <\/span><span style=\"font-family: 'comic sans ms', sans-serif;\">images en suivant le lien vers le reportage <a style=\"color: #000000;\" href=\"https:\/\/www.acj-clairmatin.fr\/?page_id=7275\">Jumelage 2024<\/a><\/span><\/span><\/strong><\/span><\/p>\n<p style=\"text-align: center;\"><span style=\"font-size: 12pt; color: #000000;\"><strong>\u266a\u266a\u266a<\/strong><\/span><\/p>\n<p><span style=\"font-family: 'comic sans ms', sans-serif; font-size: 12pt; color: #000000;\">D\u00e8s le 5 septembre, les anciens choristes ont repris les r\u00e9p\u00e9titions pour peaufiner la Missa Di Gloria avec les chorales de Gar\u00e9oult et de Brignoles et les anciens de l&rsquo;Usam Toulon.<\/span><\/p>\n<p><span style=\"font-family: 'comic sans ms', sans-serif; font-size: 12pt; color: #000000;\">Le samedi 7 septembre \u00a0nous \u00e9tions pr\u00e9sents au Forum des Associations au Palais des congr\u00e8s Neptune.<\/span><\/p>\n<p style=\"text-align: justify;\"><span style=\"font-family: 'comic sans ms', sans-serif; font-size: 12pt; color: #000000;\">Comme chaque ann\u00e9e, nous avons chant\u00e9 lors de la comm\u00e9moration du drame de Mannheim le 11 septembre sur les plages du Mourillon.<\/span><\/p>\n<p style=\"text-align: justify;\"><span style=\"font-family: 'comic sans ms', sans-serif; font-size: 12pt; color: #000000;\">Apr\u00e8s l&rsquo;intense semaine avec nos amis de Mannheim, le jeudi 10 octobre, c&rsquo;\u00e9tait la reprise des r\u00e9p\u00e9titions pour la nouvelle saison.<\/span><\/p>\n<p style=\"text-align: justify;\"><span style=\"color: #000000; font-size: 12pt;\"><span style=\"font-family: 'comic sans ms', sans-serif;\">Nous avons \u00e9t\u00e9 ravis d&rsquo;accueillir une dizaine de nouveaux choristes pour leur premi\u00e8re r\u00e9p\u00e9tition dans notre belle salle de Valbertrand. Pour nos lecteurs <\/span><span style=\"font-family: 'comic sans ms', sans-serif;\">int\u00e9ress\u00e9s, n&rsquo;h\u00e9sitez pas et venez nous rejoindre pour une belle ann\u00e9e musicale !<\/span><\/span><\/p>\n<p style=\"text-align: justify;\"><span style=\"color: #000000; font-size: 12pt;\"><span style=\"font-family: 'comic sans ms', sans-serif;\">Et n&rsquo;oubliez pas que pour cl\u00f4turer le premier trimestre de cette saison, nous donnerons un concert le 8 d\u00e9cembre \u00e0 15h30 \u00e0 l&rsquo;Eglise St Louis. Notez la date dans vos agendas!<\/span><\/span><\/p>\n<p style=\"text-align: center;\"><span style=\"font-size: 18pt; color: #000000;\"><strong><span style=\"font-size: 14pt;\">\u266a\u266a\u266a\u266a<\/span><\/strong><\/span><\/p>\n\n\n\n<p><span style=\"font-family: 'comic sans ms', sans-serif; font-size: 18pt;\"><strong><a href=\"https:\/\/www.acj-clairmatin.fr\/?page_id=8535\">Saison 2023-2024<\/a><\/strong><\/span><\/p>\n\n\n\n<p class=\"has-text-align-center\">\u266a\u266a\u266a\u266a<\/p>\n\n\n\n<p><\/p>\n","protected":false},"excerpt":{"rendered":"<p>Bienvenue sur le site de notre chorale polyphonique toulonnaise ! Fond\u00e9e il y a plus de 75 ans, notre chorale dynamique est fi\u00e8re d\u2019\u00eatre, depuis ses d\u00e9buts, affili\u00e9e au mouvement \u00c0 C\u0153ur Joie. Au fil des g\u00e9n\u00e9rations, nous avons partag\u00e9 avec un public fid\u00e8le et enthousiaste notre passion commune pour le chant choral. Notre r\u00e9pertoire, riche et vari\u00e9, voyage des grands classiques aux \u0153uvres contemporaines, t\u00e9moignant de notre engagement \u00e0 faire vivre la musique dans toute sa diversit\u00e9. Si, pour vous aussi, le plaisir de chanter rime avec convivialit\u00e9 et partage, nous esp\u00e9rons que ces quelques pages sauront vous donner&#46;&#46;&#46;<\/p>\n","protected":false},"author":5,"featured_media":0,"parent":0,"menu_order":0,"comment_status":"closed","ping_status":"closed","template":"","meta":{"footnotes":""},"class_list":["post-2804","page","type-page","status-publish","hentry"],"jetpack_sharing_enabled":true,"_links":{"self":[{"href":"https:\/\/www.acj-clairmatin.fr\/index.php?rest_route=\/wp\/v2\/pages\/2804","targetHints":{"allow":["GET"]}}],"collection":[{"href":"https:\/\/www.acj-clairmatin.fr\/index.php?rest_route=\/wp\/v2\/pages"}],"about":[{"href":"https:\/\/www.acj-clairmatin.fr\/index.php?rest_route=\/wp\/v2\/types\/page"}],"author":[{"embeddable":true,"href":"https:\/\/www.acj-clairmatin.fr\/index.php?rest_route=\/wp\/v2\/users\/5"}],"replies":[{"embeddable":true,"href":"https:\/\/www.acj-clairmatin.fr\/index.php?rest_route=%2Fwp%2Fv2%2Fcomments&post=2804"}],"version-history":[{"count":115,"href":"https:\/\/www.acj-clairmatin.fr\/index.php?rest_route=\/wp\/v2\/pages\/2804\/revisions"}],"predecessor-version":[{"id":8694,"href":"https:\/\/www.acj-clairmatin.fr\/index.php?rest_route=\/wp\/v2\/pages\/2804\/revisions\/8694"}],"wp:attachment":[{"href":"https:\/\/www.acj-clairmatin.fr\/index.php?rest_route=%2Fwp%2Fv2%2Fmedia&parent=2804"}],"curies":[{"name":"wp","href":"https:\/\/api.w.org\/{rel}","templated":true}]}}