{"id":8183,"date":"2025-03-24T18:23:17","date_gmt":"2025-03-24T17:23:17","guid":{"rendered":"https:\/\/www.acj-clairmatin.fr\/?page_id=8183"},"modified":"2025-03-24T20:44:43","modified_gmt":"2025-03-24T19:44:43","slug":"stage-nouveaux-rivages-a-coeur-joie","status":"publish","type":"page","link":"https:\/\/www.acj-clairmatin.fr\/?page_id=8183","title":{"rendered":"Stage \u00ab\u00a0Nouveaux Rivages\u00a0\u00bb &#8211; A Coeur Joie"},"content":{"rendered":"\n<p style=\"text-align: justify;\"><span style=\"font-family: 'comic sans ms', sans-serif; color: #0000ff;\">Un stage d&rsquo;une semaine afin de \u00ab\u00a0mettre en miroir des \u0153uvres de la Renaissance avec des chansons de la pop anglaise ou du jazz vocal fran\u00e7ais ; proposer au public une exp\u00e9rience musicale originale ; explorer en ch\u0153ur des textures sonores \u00e9tonnantes et, au milieu de tout \u00e7a, traverser quelques pages c\u00e9l\u00e8bres du r\u00e9pertoire choral et de la culture populaire, &#8230;sous la direction \u00e9nergique, po\u00e9tique et bienveillante de Mathieu Bolcato\u00a0\u00bb<\/span><\/p>\n<p><span style=\"font-family: 'comic sans ms', sans-serif; color: #0000ff;\"><img loading=\"lazy\" decoding=\"async\" class=\"alignleft wp-image-8188 size-medium\" src=\"https:\/\/www.acj-clairmatin.fr\/wp-content\/uploads\/2025\/03\/6fb4fdf9-1744-469d-bcdc-08a663758d74-e1742834428288-300x175.png\" alt=\"\" width=\"300\" height=\"175\" srcset=\"https:\/\/www.acj-clairmatin.fr\/wp-content\/uploads\/2025\/03\/6fb4fdf9-1744-469d-bcdc-08a663758d74-e1742834428288-300x175.png 300w, https:\/\/www.acj-clairmatin.fr\/wp-content\/uploads\/2025\/03\/6fb4fdf9-1744-469d-bcdc-08a663758d74-e1742834428288-768x448.png 768w, https:\/\/www.acj-clairmatin.fr\/wp-content\/uploads\/2025\/03\/6fb4fdf9-1744-469d-bcdc-08a663758d74-e1742834428288.png 1213w\" sizes=\"auto, (max-width: 300px) 100vw, 300px\" \/><\/span><\/p>\n<p style=\"text-align: justify;\"><span style=\"color: #0000ff; font-family: 'comic sans ms', sans-serif;\">Tels \u00e9taient les objectifs de ce stage auquel six de nos choristes ont particip\u00e9! <\/span><\/p>\n<p style=\"text-align: justify;\"><span style=\"color: #0000ff; font-family: 'comic sans ms', sans-serif;\">Ce fut une incroyable semaine que nos camarades ont beaucoup appr\u00e9ci\u00e9&#8230;\u00a0<\/span><\/p>\n<p><img loading=\"lazy\" decoding=\"async\" class=\" wp-image-8192 alignleft\" src=\"https:\/\/www.acj-clairmatin.fr\/wp-content\/uploads\/2025\/03\/d128179e-789b-4363-9e45-1b35196e2614-1-300x138.png\" alt=\"\" width=\"248\" height=\"114\" srcset=\"https:\/\/www.acj-clairmatin.fr\/wp-content\/uploads\/2025\/03\/d128179e-789b-4363-9e45-1b35196e2614-1-300x138.png 300w, https:\/\/www.acj-clairmatin.fr\/wp-content\/uploads\/2025\/03\/d128179e-789b-4363-9e45-1b35196e2614-1-768x354.png 768w, https:\/\/www.acj-clairmatin.fr\/wp-content\/uploads\/2025\/03\/d128179e-789b-4363-9e45-1b35196e2614-1-1536x708.png 1536w, https:\/\/www.acj-clairmatin.fr\/wp-content\/uploads\/2025\/03\/d128179e-789b-4363-9e45-1b35196e2614-1-980x450.png 980w, https:\/\/www.acj-clairmatin.fr\/wp-content\/uploads\/2025\/03\/d128179e-789b-4363-9e45-1b35196e2614-1.png 1600w\" sizes=\"auto, (max-width: 248px) 100vw, 248px\" \/><\/p>\n<p style=\"text-align: justify;\"><span style=\"color: #0000ff; font-family: 'comic sans ms', sans-serif;\">Ambiance sympa, m\u00e9t\u00e9o agr\u00e9able et des bons moments de convivialit\u00e9 entre deux s\u00e9ances de travail tr\u00e8s tr\u00e8s intense, avec <a href=\"https:\/\/www.choralies.org\/activites-poles\/sejour-nouveauxrivages-mars25\">Mathieu<\/a>, chef de choeur, chanteur, arrangeur, compositeur, saxophoniste de haut niveau \u00a0et \u00e9galement passionn\u00e9 de musique slave et scandinave!<\/span><\/p>\n<p><img loading=\"lazy\" decoding=\"async\" class=\"alignright wp-image-8189 \" src=\"https:\/\/www.acj-clairmatin.fr\/wp-content\/uploads\/2025\/03\/75bbf84f-bbf3-48ed-983c-fca5c96ff7bc-e1742835104916-300x218.png\" alt=\"\" width=\"268\" height=\"195\" srcset=\"https:\/\/www.acj-clairmatin.fr\/wp-content\/uploads\/2025\/03\/75bbf84f-bbf3-48ed-983c-fca5c96ff7bc-e1742835104916-300x218.png 300w, https:\/\/www.acj-clairmatin.fr\/wp-content\/uploads\/2025\/03\/75bbf84f-bbf3-48ed-983c-fca5c96ff7bc-e1742835104916-768x559.png 768w, https:\/\/www.acj-clairmatin.fr\/wp-content\/uploads\/2025\/03\/75bbf84f-bbf3-48ed-983c-fca5c96ff7bc-e1742835104916.png 1397w\" sizes=\"auto, (max-width: 268px) 100vw, 268px\" \/><\/p>\n<p>\u00a0<\/p>\n<p><span style=\"color: #0000ff; font-family: 'comic sans ms', sans-serif;\">Objectifs atteints !! <\/span><\/p>\n<p>\u00a0<\/p>\n<p>\u00a0<\/p>\n<p>\u00a0<\/p>\n<p style=\"text-align: justify;\"><span style=\"color: #0000ff; font-family: 'comic sans ms', sans-serif;\">Ceux qui sont all\u00e9s \u00e9couter le concert de restitution le vendredi soir ont bien appr\u00e9ci\u00e9! \u00a0Et le public aussi !\u00a0<\/span><\/p>\n<p style=\"text-align: justify;\"><span style=\"color: #0000ff; font-family: 'comic sans ms', sans-serif;\">On partage les enregistrements pour vous donner envie de participer \u00e0 un prochain stage. <\/span><\/p>\n<p style=\"text-align: justify;\"><span style=\"color: #0000ff; font-family: 'comic sans ms', sans-serif;\">(Merci aux vid\u00e9astes) !<\/span><\/p>\n<p><!-- Section vid\u00e9o YouTube --><\/p>\n<div class=\"video\"><iframe src=\"https:\/\/www.youtube.com\/embed\/_4EUjQ-RRwI?rel=0\" allowfullscreen=\"allowfullscreen\"><\/iframe>\n<p style=\"text-align: justify;\"><span style=\"color: #0000ff; font-family: 'comic sans ms', sans-serif;\">Gaudete\u2013 Anonyme ~XVIe si\u00e8cle (arrangement Mathieu Bolcato)<\/span><\/p>\n<\/div>\n<div class=\"video\"><iframe src=\"https:\/\/www.youtube.com\/embed\/OEWsMoAG1WM?rel=0\" allowfullscreen=\"allowfullscreen\"><\/iframe><\/div>\n<div class=\"video\"><span style=\"color: #0000ff; font-family: 'comic sans ms', sans-serif;\">Qui peut faire de la voile sans vent\u00a0? \u2013 \u0112riks E\u0161envalds (2014)<\/span><\/div>\n<p><!-- Section vid\u00e9o YouTube --><\/p>\n<div class=\"video\"><iframe src=\"https:\/\/www.youtube.com\/embed\/K3Kr28ouCZs?rel=0\" allowfullscreen=\"allowfullscreen\"><\/iframe><\/div>\n<div><span style=\"color: #0000ff; font-family: 'comic sans ms', sans-serif;\">Extrait du film Princesse Mononoke de Hayao Miyazaki) \u2013 Joe Hisaishi (1997)<\/span><\/div>\n<p><!-- Section vid\u00e9o YouTube --><\/p>\n<div class=\"video\"><iframe src=\"https:\/\/www.youtube.com\/embed\/9h_n-Xt-L78?rel=0\" allowfullscreen=\"allowfullscreen\"><\/iframe><\/div>\n<div><span style=\"font-family: 'comic sans ms', sans-serif; color: #0000ff;\">Soleil sur le jardin &#8211; Composition originale de Mathieu Bolcato sur un po\u00e8me d&rsquo;Estelle Fenzy<\/span><\/div>\n<p><!-- Section vid\u00e9o YouTube --><\/p>\n<div class=\"video\"><iframe src=\"https:\/\/www.youtube.com\/embed\/0ciDPfWbmIg?rel=0\" allowfullscreen=\"allowfullscreen\"><\/iframe><\/div>\n<div><span style=\"color: #0000ff; font-family: 'comic sans ms', sans-serif;\">Lord hear my prayer &#8211; William Byrd (~1589)<\/span><\/div>\n<p><!-- Section vid\u00e9o YouTube --><\/p>\n<div class=\"video\"><iframe src=\"https:\/\/www.youtube.com\/embed\/r4ZE-eh6Z9I?rel=0\" allowfullscreen=\"allowfullscreen\"><\/iframe><\/div>\n<div><span style=\"color: #0000ff; font-family: 'comic sans ms', sans-serif;\">Travellers \u2013 Anne Paceo (arrangement Mathieu Bolcato) (2022)<\/span><\/div>\n<p><!-- Section vid\u00e9o YouTube --><\/p>\n<div class=\"video\"><iframe src=\"https:\/\/www.youtube.com\/embed\/oYddt2kWT0Y?rel=0\" allowfullscreen=\"allowfullscreen\"><\/iframe><\/div>\n<p><span style=\"color: #0000ff; font-family: 'comic sans ms', sans-serif;\">Sing to the moon &#8211; Laura Mvula (2013)<\/span><\/p>\n","protected":false},"excerpt":{"rendered":"<p>Un stage d&rsquo;une semaine afin de \u00ab\u00a0mettre en miroir des \u0153uvres de la Renaissance avec des chansons de la pop anglaise ou du jazz vocal fran\u00e7ais ; proposer au public une exp\u00e9rience musicale originale ; explorer en ch\u0153ur des textures sonores \u00e9tonnantes et, au milieu de tout \u00e7a, traverser quelques pages c\u00e9l\u00e8bres du r\u00e9pertoire choral et de la culture populaire, &#8230;sous la direction \u00e9nergique, po\u00e9tique et bienveillante de Mathieu Bolcato\u00a0\u00bb Tels \u00e9taient les objectifs de ce stage auquel six de nos choristes ont particip\u00e9! Ce fut une incroyable semaine que nos camarades ont beaucoup appr\u00e9ci\u00e9&#8230;\u00a0 Ambiance sympa, m\u00e9t\u00e9o agr\u00e9able et&#46;&#46;&#46;<\/p>\n","protected":false},"author":5,"featured_media":0,"parent":0,"menu_order":0,"comment_status":"closed","ping_status":"closed","template":"","meta":{"footnotes":""},"class_list":["post-8183","page","type-page","status-publish","hentry"],"jetpack_sharing_enabled":true,"_links":{"self":[{"href":"https:\/\/www.acj-clairmatin.fr\/index.php?rest_route=\/wp\/v2\/pages\/8183","targetHints":{"allow":["GET"]}}],"collection":[{"href":"https:\/\/www.acj-clairmatin.fr\/index.php?rest_route=\/wp\/v2\/pages"}],"about":[{"href":"https:\/\/www.acj-clairmatin.fr\/index.php?rest_route=\/wp\/v2\/types\/page"}],"author":[{"embeddable":true,"href":"https:\/\/www.acj-clairmatin.fr\/index.php?rest_route=\/wp\/v2\/users\/5"}],"replies":[{"embeddable":true,"href":"https:\/\/www.acj-clairmatin.fr\/index.php?rest_route=%2Fwp%2Fv2%2Fcomments&post=8183"}],"version-history":[{"count":9,"href":"https:\/\/www.acj-clairmatin.fr\/index.php?rest_route=\/wp\/v2\/pages\/8183\/revisions"}],"predecessor-version":[{"id":8202,"href":"https:\/\/www.acj-clairmatin.fr\/index.php?rest_route=\/wp\/v2\/pages\/8183\/revisions\/8202"}],"wp:attachment":[{"href":"https:\/\/www.acj-clairmatin.fr\/index.php?rest_route=%2Fwp%2Fv2%2Fmedia&parent=8183"}],"curies":[{"name":"wp","href":"https:\/\/api.w.org\/{rel}","templated":true}]}}