{"id":8526,"date":"2025-10-10T15:58:42","date_gmt":"2025-10-10T13:58:42","guid":{"rendered":"https:\/\/www.acj-clairmatin.fr\/?page_id=8526"},"modified":"2026-01-02T19:34:16","modified_gmt":"2026-01-02T17:34:16","slug":"avis-de-concert","status":"publish","type":"page","link":"https:\/\/www.acj-clairmatin.fr\/?page_id=8526","title":{"rendered":"AVIS DE CONCERT"},"content":{"rendered":"\n<p><span style=\"font-size: 14pt;\"><span style=\"color: #000000;\"><strong><span style=\"font-family: 'comic sans ms', sans-serif;\">Le<\/span><\/strong><strong style=\"font-family: 'comic sans ms', sans-serif;\"> 25 Janvier 2026, nous donnerons \u00e0 Brignoles, Hall des Expositions-16h, un grand concert MOZART, accompagn\u00e9s par l&rsquo;orchestre ALLEGRIA et nos chorales amies <\/strong><\/span><\/span><span style=\"font-size: 14pt;\"><span style=\"color: #000000;\"><strong style=\"font-family: 'comic sans ms', sans-serif;\">CANTABILE (Gar\u00e9oult) et ECLATS de VOIX (Brignoles)\u00a0<\/strong><\/span><\/span><\/p>\n<p>\u00a0<\/p>\n<p><img loading=\"lazy\" decoding=\"async\" class=\"alignright size-medium wp-image-8688\" src=\"https:\/\/www.acj-clairmatin.fr\/wp-content\/uploads\/2026\/01\/250126Affiche3Validee-208x300.jpg\" alt=\"\" width=\"540\" height=\"780\" srcset=\"https:\/\/www.acj-clairmatin.fr\/wp-content\/uploads\/2026\/01\/250126Affiche3Validee-208x300.jpg 208w, https:\/\/www.acj-clairmatin.fr\/wp-content\/uploads\/2026\/01\/250126Affiche3Validee.jpg 540w\" sizes=\"auto, (max-width: 540px) 100vw, 540px\" \/><\/p>\n\n\n<p style=\"text-align: center;\"><!-- \/wp:post-content --><\/p>","protected":false},"excerpt":{"rendered":"<p>Le 25 Janvier 2026, nous donnerons \u00e0 Brignoles, Hall des Expositions-16h, un grand concert MOZART, accompagn\u00e9s par l&rsquo;orchestre ALLEGRIA et nos chorales amies CANTABILE (Gar\u00e9oult) et ECLATS de VOIX (Brignoles)\u00a0 \u00a0<\/p>\n","protected":false},"author":5,"featured_media":0,"parent":0,"menu_order":0,"comment_status":"closed","ping_status":"closed","template":"","meta":{"footnotes":""},"class_list":["post-8526","page","type-page","status-publish","hentry"],"jetpack_sharing_enabled":true,"_links":{"self":[{"href":"https:\/\/www.acj-clairmatin.fr\/index.php?rest_route=\/wp\/v2\/pages\/8526","targetHints":{"allow":["GET"]}}],"collection":[{"href":"https:\/\/www.acj-clairmatin.fr\/index.php?rest_route=\/wp\/v2\/pages"}],"about":[{"href":"https:\/\/www.acj-clairmatin.fr\/index.php?rest_route=\/wp\/v2\/types\/page"}],"author":[{"embeddable":true,"href":"https:\/\/www.acj-clairmatin.fr\/index.php?rest_route=\/wp\/v2\/users\/5"}],"replies":[{"embeddable":true,"href":"https:\/\/www.acj-clairmatin.fr\/index.php?rest_route=%2Fwp%2Fv2%2Fcomments&post=8526"}],"version-history":[{"count":13,"href":"https:\/\/www.acj-clairmatin.fr\/index.php?rest_route=\/wp\/v2\/pages\/8526\/revisions"}],"predecessor-version":[{"id":8693,"href":"https:\/\/www.acj-clairmatin.fr\/index.php?rest_route=\/wp\/v2\/pages\/8526\/revisions\/8693"}],"wp:attachment":[{"href":"https:\/\/www.acj-clairmatin.fr\/index.php?rest_route=%2Fwp%2Fv2%2Fmedia&parent=8526"}],"curies":[{"name":"wp","href":"https:\/\/api.w.org\/{rel}","templated":true}]}}