{"id":8843,"date":"2026-05-07T16:35:06","date_gmt":"2026-05-07T14:35:06","guid":{"rendered":"https:\/\/www.acj-clairmatin.fr\/?page_id=8843"},"modified":"2026-05-07T16:48:59","modified_gmt":"2026-05-07T14:48:59","slug":"concert-du-14-juin-2026","status":"publish","type":"page","link":"https:\/\/www.acj-clairmatin.fr\/?page_id=8843","title":{"rendered":"CONCERT DU 14 JUIN 2026"},"content":{"rendered":"\n<p><span style=\"color: #000000;\"><span style=\"font-size: 14pt;\"><strong style=\"font-family: 'comic sans ms', sans-serif;\">Dimanche 14 juin 2026, aux Quatre Chemins des Routes, nous c\u00e9l\u00e9brons l&rsquo;arriv\u00e9e de l&rsquo;\u00e9t\u00e9 par un r\u00e9cital o\u00f9 n<\/strong><\/span><span style=\"font-size: 14pt;\"><strong><span style=\"font-family: 'comic sans ms', sans-serif;\">ous aurons le plaisir la compagnie de notre Petit Choeur et son quintette \u00e0 cordes\u00a0<\/span><\/strong><\/span><\/span><\/p>\n<p><span style=\"font-size: 14pt; color: #000000;\"><strong><span style=\"font-family: 'comic sans ms', sans-serif;\">Rendez vous 18h \u00e0 l&rsquo;Eglise Notre Dame des Routes , 46 chemin de la Chapelle <\/span><\/strong><\/span><span style=\"font-size: 14pt; color: #000000;\"><strong><span style=\"font-family: 'comic sans ms', sans-serif;\">Pas de billeterie, participation au chapeau<\/span><\/strong><\/span><\/p>\n<p style=\"text-align: center;\"><span style=\"font-size: 14pt; color: #000000;\"><strong style=\"font-family: 'comic sans ms', sans-serif;\"><strong><span style=\"font-family: 'comic sans ms', sans-serif;\">Une \u00e9vasion musicale \u00e0 partager sans mod\u00e9ration : <\/span><\/strong>Venez nombreux !<\/strong><\/span><\/p>\n<p><img loading=\"lazy\" decoding=\"async\" class=\"aligncenter size-full wp-image-8839\" src=\"https:\/\/www.acj-clairmatin.fr\/wp-content\/uploads\/2026\/05\/140626Affiche4-e1778163259793.jpg\" alt=\"\" width=\"570\" height=\"820\" srcset=\"https:\/\/www.acj-clairmatin.fr\/wp-content\/uploads\/2026\/05\/140626Affiche4-e1778163259793.jpg 570w, https:\/\/www.acj-clairmatin.fr\/wp-content\/uploads\/2026\/05\/140626Affiche4-e1778163259793-209x300.jpg 209w\" sizes=\"auto, (max-width: 570px) 100vw, 570px\" \/><\/p>\n<p><span style=\"font-size: 14pt;\"><span style=\"color: #000000;\"><strong style=\"font-family: 'comic sans ms', sans-serif;\">\u00a0<\/strong><\/span><\/span><\/p>\n<p>\u00a0<\/p>\n<p>\u00a0<\/p>\n<p style=\"text-align: center;\">\u00a0<\/p>\n","protected":false},"excerpt":{"rendered":"<p>Dimanche 14 juin 2026, aux Quatre Chemins des Routes, nous c\u00e9l\u00e9brons l&rsquo;arriv\u00e9e de l&rsquo;\u00e9t\u00e9 par un r\u00e9cital o\u00f9 nous aurons le plaisir la compagnie de notre Petit Choeur et son quintette \u00e0 cordes\u00a0 Rendez vous 18h \u00e0 l&rsquo;Eglise Notre Dame des Routes , 46 chemin de la Chapelle Pas de billeterie, participation au chapeau Une \u00e9vasion musicale \u00e0 partager sans mod\u00e9ration : Venez nombreux ! \u00a0 \u00a0 \u00a0 \u00a0<\/p>\n","protected":false},"author":5,"featured_media":0,"parent":0,"menu_order":0,"comment_status":"closed","ping_status":"closed","template":"","meta":{"footnotes":""},"class_list":["post-8843","page","type-page","status-publish","hentry"],"jetpack_sharing_enabled":true,"_links":{"self":[{"href":"https:\/\/www.acj-clairmatin.fr\/index.php?rest_route=\/wp\/v2\/pages\/8843","targetHints":{"allow":["GET"]}}],"collection":[{"href":"https:\/\/www.acj-clairmatin.fr\/index.php?rest_route=\/wp\/v2\/pages"}],"about":[{"href":"https:\/\/www.acj-clairmatin.fr\/index.php?rest_route=\/wp\/v2\/types\/page"}],"author":[{"embeddable":true,"href":"https:\/\/www.acj-clairmatin.fr\/index.php?rest_route=\/wp\/v2\/users\/5"}],"replies":[{"embeddable":true,"href":"https:\/\/www.acj-clairmatin.fr\/index.php?rest_route=%2Fwp%2Fv2%2Fcomments&post=8843"}],"version-history":[{"count":5,"href":"https:\/\/www.acj-clairmatin.fr\/index.php?rest_route=\/wp\/v2\/pages\/8843\/revisions"}],"predecessor-version":[{"id":8852,"href":"https:\/\/www.acj-clairmatin.fr\/index.php?rest_route=\/wp\/v2\/pages\/8843\/revisions\/8852"}],"wp:attachment":[{"href":"https:\/\/www.acj-clairmatin.fr\/index.php?rest_route=%2Fwp%2Fv2%2Fmedia&parent=8843"}],"curies":[{"name":"wp","href":"https:\/\/api.w.org\/{rel}","templated":true}]}}