{"id":109,"date":"2014-07-16T14:19:42","date_gmt":"2014-07-16T13:19:42","guid":{"rendered":"http:\/\/www.acj-poitiers.fr\/?page_id=109"},"modified":"2023-06-23T09:51:56","modified_gmt":"2023-06-23T08:51:56","slug":"la-cotisation","status":"publish","type":"page","link":"https:\/\/www.acj-clairmatin.fr\/test\/?page_id=109","title":{"rendered":"La cotisation"},"content":{"rendered":"<p>Pour la saison 2023\/2024<\/p>\n<p>Adh\u00e9sion ACJ CLAIR MATIN tout choriste : 60 \u20ac<\/p>\n<p>Adh\u00e9sion compl\u00e9mentaire \u00e0 A COEUR JOIE NATIONAL :48 \u20ac<\/p>\n<p>L\u2019association \u00ab \u00c0 C\u0153ur Joie\u00a0\u00bb \u00e9tant reconnue d\u2019utilit\u00e9 publique, la part de la cotisation vers\u00e9e \u00e0 ACJ National ouvre droit \u00e0 une r\u00e9duction d&rsquo;imp\u00f4t.<\/p>\n","protected":false},"excerpt":{"rendered":"<p>Pour la saison 2023\/2024 Adh\u00e9sion ACJ CLAIR MATIN tout choriste : 60 \u20ac Adh\u00e9sion compl\u00e9mentaire \u00e0 A COEUR JOIE NATIONAL :48 \u20ac L\u2019association \u00ab \u00c0 C\u0153ur Joie\u00a0\u00bb \u00e9tant reconnue d\u2019utilit\u00e9 publique, la part de la cotisation vers\u00e9e \u00e0 ACJ National ouvre droit \u00e0 une r\u00e9duction d&rsquo;imp\u00f4t.<\/p>\n","protected":false},"author":5,"featured_media":0,"parent":0,"menu_order":0,"comment_status":"closed","ping_status":"closed","template":"","meta":[],"_links":{"self":[{"href":"https:\/\/www.acj-clairmatin.fr\/test\/index.php?rest_route=\/wp\/v2\/pages\/109"}],"collection":[{"href":"https:\/\/www.acj-clairmatin.fr\/test\/index.php?rest_route=\/wp\/v2\/pages"}],"about":[{"href":"https:\/\/www.acj-clairmatin.fr\/test\/index.php?rest_route=\/wp\/v2\/types\/page"}],"author":[{"embeddable":true,"href":"https:\/\/www.acj-clairmatin.fr\/test\/index.php?rest_route=\/wp\/v2\/users\/5"}],"replies":[{"embeddable":true,"href":"https:\/\/www.acj-clairmatin.fr\/test\/index.php?rest_route=%2Fwp%2Fv2%2Fcomments&post=109"}],"version-history":[{"count":15,"href":"https:\/\/www.acj-clairmatin.fr\/test\/index.php?rest_route=\/wp\/v2\/pages\/109\/revisions"}],"predecessor-version":[{"id":4459,"href":"https:\/\/www.acj-clairmatin.fr\/test\/index.php?rest_route=\/wp\/v2\/pages\/109\/revisions\/4459"}],"wp:attachment":[{"href":"https:\/\/www.acj-clairmatin.fr\/test\/index.php?rest_route=%2Fwp%2Fv2%2Fmedia&parent=109"}],"curies":[{"name":"wp","href":"https:\/\/api.w.org\/{rel}","templated":true}]}}