{"id":112,"date":"2014-07-16T14:21:56","date_gmt":"2014-07-16T13:21:56","guid":{"rendered":"http:\/\/www.acj-poitiers.fr\/?page_id=112"},"modified":"2023-08-09T16:58:09","modified_gmt":"2023-08-09T15:58:09","slug":"foire-aux-questions","status":"publish","type":"page","link":"https:\/\/www.acj-clairmatin.fr\/test\/?page_id=112","title":{"rendered":"Foire aux questions"},"content":{"rendered":"<div class=\"su-accordion su-u-trim\">\n<div class=\"su-spoiler su-spoiler-style-default su-spoiler-icon-plus su-spoiler-closed\" data-scroll-offset=\"0\" data-anchor-in-url=\"no\"><div class=\"su-spoiler-title\" tabindex=\"0\" role=\"button\"><span class=\"su-spoiler-icon\"><\/span>Puis-je venir pour faire juste un essai ?<\/div><div class=\"su-spoiler-content su-u-clearfix su-u-trim\">Oui, il suffit de nous contacter.<\/div><\/div>\n<div class=\"su-spoiler su-spoiler-style-default su-spoiler-icon-plus su-spoiler-closed\" data-scroll-offset=\"0\" data-anchor-in-url=\"no\"><div class=\"su-spoiler-title\" tabindex=\"0\" role=\"button\"><span class=\"su-spoiler-icon\"><\/span>Puis-je m\u2019inscrire bien que je n\u2019aie jamais chant\u00e9 ?<\/div><div class=\"su-spoiler-content su-u-clearfix su-u-trim\">Il n\u2019est pas n\u00e9cessaire d\u2019avoir d\u00e9j\u00e0 chant\u00e9 dans une chorale pour int\u00e9grer le ch\u0153ur.<\/div><\/div>\n<div class=\"su-spoiler su-spoiler-style-default su-spoiler-icon-plus su-spoiler-closed\" data-scroll-offset=\"0\" data-anchor-in-url=\"no\"><div class=\"su-spoiler-title\" tabindex=\"0\" role=\"button\"><span class=\"su-spoiler-icon\"><\/span>Puis-je venir m\u00eame si je ne lis pas la musique ?<\/div><div class=\"su-spoiler-content su-u-clearfix su-u-trim\">Le d\u00e9chiffrage de l\u2019\u00e9criture musicale n\u2019est pas n\u00e9cessaire.<\/div><\/div>\n<div class=\"su-spoiler su-spoiler-style-default su-spoiler-icon-plus su-spoiler-closed\" data-scroll-offset=\"0\" data-anchor-in-url=\"no\"><div class=\"su-spoiler-title\" tabindex=\"0\" role=\"button\"><span class=\"su-spoiler-icon\"><\/span>Je ne sais pas dans quel pupitre je peux chanter<\/div><div class=\"su-spoiler-content su-u-clearfix su-u-trim\">Le chef de ch\u0153ur vous orientera en d\u00e9but d\u2019ann\u00e9e.<\/div><\/div>\n<div class=\"su-spoiler su-spoiler-style-default su-spoiler-icon-plus su-spoiler-closed\" data-scroll-offset=\"0\" data-anchor-in-url=\"no\"><div class=\"su-spoiler-title\" tabindex=\"0\" role=\"button\"><span class=\"su-spoiler-icon\"><\/span>Il y-t-il des r\u00e9p\u00e9titions pendant les vacances scolaires ? <\/div><div class=\"su-spoiler-content su-u-clearfix su-u-trim\">Les r\u00e9p\u00e9titions sont maintenues ou non en fonction du calendrier des concerts.<\/div><\/div>\n<div class=\"su-spoiler su-spoiler-style-default su-spoiler-icon-plus su-spoiler-closed\" data-scroll-offset=\"0\" data-anchor-in-url=\"no\"><div class=\"su-spoiler-title\" tabindex=\"0\" role=\"button\"><span class=\"su-spoiler-icon\"><\/span>Faut-il participer r\u00e9guli\u00e8rement aux r\u00e9p\u00e9titions ?<\/div><div class=\"su-spoiler-content su-u-clearfix su-u-trim\">Une pr\u00e9sence r\u00e9guli\u00e8re est en effet n\u00e9cessaire pour un bon apprentissage des \u0153uvres en vue d\u2019une production de concert.<\/div><\/div>\n<div class=\"su-spoiler su-spoiler-style-default su-spoiler-icon-plus su-spoiler-closed\" data-scroll-offset=\"0\" data-anchor-in-url=\"no\"><div class=\"su-spoiler-title\" tabindex=\"0\" role=\"button\"><span class=\"su-spoiler-icon\"><\/span>Peut-on payer en plusieurs fois ? <\/div><div class=\"su-spoiler-content su-u-clearfix su-u-trim\">Oui. La demande est \u00e0 faire \u00e0 la pr\u00e9sidente ou au tr\u00e9sorier du ch\u0153ur.<\/div><\/div>\n<div class=\"su-spoiler su-spoiler-style-default su-spoiler-icon-plus su-spoiler-closed\" data-scroll-offset=\"0\" data-anchor-in-url=\"no\"><div class=\"su-spoiler-title\" tabindex=\"0\" role=\"button\"><span class=\"su-spoiler-icon\"><\/span>Le ch\u0153ur participe-t-il avec d\u2019autres ch\u0153urs \u00e0 des projets communs ?<\/div><div class=\"su-spoiler-content su-u-clearfix su-u-trim\">Des \u0153uvres sont r\u00e9guli\u00e8rement produites avec d\u2019autres chorales partenaires de l&rsquo;aire toulonnaise.<\/div><\/div><\/div>\n","protected":false},"excerpt":{"rendered":"","protected":false},"author":5,"featured_media":0,"parent":0,"menu_order":0,"comment_status":"closed","ping_status":"closed","template":"","meta":[],"_links":{"self":[{"href":"https:\/\/www.acj-clairmatin.fr\/test\/index.php?rest_route=\/wp\/v2\/pages\/112"}],"collection":[{"href":"https:\/\/www.acj-clairmatin.fr\/test\/index.php?rest_route=\/wp\/v2\/pages"}],"about":[{"href":"https:\/\/www.acj-clairmatin.fr\/test\/index.php?rest_route=\/wp\/v2\/types\/page"}],"author":[{"embeddable":true,"href":"https:\/\/www.acj-clairmatin.fr\/test\/index.php?rest_route=\/wp\/v2\/users\/5"}],"replies":[{"embeddable":true,"href":"https:\/\/www.acj-clairmatin.fr\/test\/index.php?rest_route=%2Fwp%2Fv2%2Fcomments&post=112"}],"version-history":[{"count":32,"href":"https:\/\/www.acj-clairmatin.fr\/test\/index.php?rest_route=\/wp\/v2\/pages\/112\/revisions"}],"predecessor-version":[{"id":5010,"href":"https:\/\/www.acj-clairmatin.fr\/test\/index.php?rest_route=\/wp\/v2\/pages\/112\/revisions\/5010"}],"wp:attachment":[{"href":"https:\/\/www.acj-clairmatin.fr\/test\/index.php?rest_route=%2Fwp%2Fv2%2Fmedia&parent=112"}],"curies":[{"name":"wp","href":"https:\/\/api.w.org\/{rel}","templated":true}]}}