{"id":4247,"date":"2023-06-09T19:29:11","date_gmt":"2023-06-09T18:29:11","guid":{"rendered":"https:\/\/www.acj-clairmatin.fr\/test\/?page_id=4247"},"modified":"2023-08-10T20:48:00","modified_gmt":"2023-08-10T19:48:00","slug":"prive-choristes","status":"publish","type":"page","link":"https:\/\/www.acj-clairmatin.fr\/test\/?page_id=4247","title":{"rendered":"Espace Choristes"},"content":{"rendered":"<p style=\"text-align: center;\"><span style=\"font-size: 18pt;\">Espace r\u00e9serv\u00e9 aux choristes<br \/>\n<\/span><\/p>\n<p style=\"text-align: center;\"><span style=\"font-size: 18pt;\"> <span style=\"color: #000000;\"><span style=\"font-family: Liberation Mono, monospace;\"><u><b>\u00ab\u00a0<\/b><\/u><\/span><\/span><span style=\"color: #000000;\"><span style=\"font-family: Liberation Mono, monospace;\"><u><b>A Coeur Joie Clair Matin<\/b><\/u><\/span><\/span><span style=\"color: #000000;\"><span style=\"font-family: Liberation Mono, monospace;\"><u><b>\u00ab\u00a0<\/b><\/u><\/span><\/span><\/span><\/p>\n<p style=\"text-align: center;\"><span style=\"font-family: 'comic sans ms', sans-serif; font-size: 14pt;\">Vous pourrez y retrouver l&rsquo;agenda de la chorale, le trombinoscope, les aides sonores, des photos et vid\u00e9os de nos repr\u00e9sentations.<\/span><\/p>\n<p style=\"text-align: center;\"><span style=\"font-size: 18pt;\"><span style=\"font-family: 'comic sans ms', sans-serif; font-size: 14pt;\">Si vous constatez des erreurs ou des oublis, n&rsquo;h\u00e9sitez pas \u00e0 contacter un des membres du bureau<\/span>.<\/span><\/p>\n<p style=\"text-align: center;\"><span style=\"font-size: 14pt; font-family: 'comic sans ms', sans-serif;\"><strong>Bonne lecture<\/strong><\/span><\/p>\n","protected":false},"excerpt":{"rendered":"<p>Espace r\u00e9serv\u00e9 aux choristes \u00ab\u00a0A Coeur Joie Clair Matin\u00ab\u00a0 Vous pourrez y retrouver l&rsquo;agenda de la chorale, le trombinoscope, les aides sonores, des photos et vid\u00e9os de nos repr\u00e9sentations. Si vous constatez des erreurs ou des oublis, n&rsquo;h\u00e9sitez pas \u00e0 contacter un des membres du bureau. Bonne lecture<\/p>\n","protected":false},"author":5,"featured_media":0,"parent":0,"menu_order":0,"comment_status":"closed","ping_status":"closed","template":"","meta":[],"_links":{"self":[{"href":"https:\/\/www.acj-clairmatin.fr\/test\/index.php?rest_route=\/wp\/v2\/pages\/4247"}],"collection":[{"href":"https:\/\/www.acj-clairmatin.fr\/test\/index.php?rest_route=\/wp\/v2\/pages"}],"about":[{"href":"https:\/\/www.acj-clairmatin.fr\/test\/index.php?rest_route=\/wp\/v2\/types\/page"}],"author":[{"embeddable":true,"href":"https:\/\/www.acj-clairmatin.fr\/test\/index.php?rest_route=\/wp\/v2\/users\/5"}],"replies":[{"embeddable":true,"href":"https:\/\/www.acj-clairmatin.fr\/test\/index.php?rest_route=%2Fwp%2Fv2%2Fcomments&post=4247"}],"version-history":[{"count":8,"href":"https:\/\/www.acj-clairmatin.fr\/test\/index.php?rest_route=\/wp\/v2\/pages\/4247\/revisions"}],"predecessor-version":[{"id":5055,"href":"https:\/\/www.acj-clairmatin.fr\/test\/index.php?rest_route=\/wp\/v2\/pages\/4247\/revisions\/5055"}],"wp:attachment":[{"href":"https:\/\/www.acj-clairmatin.fr\/test\/index.php?rest_route=%2Fwp%2Fv2%2Fmedia&parent=4247"}],"curies":[{"name":"wp","href":"https:\/\/api.w.org\/{rel}","templated":true}]}}