{"id":5162,"date":"2024-01-30T21:29:37","date_gmt":"2024-01-30T20:29:37","guid":{"rendered":"https:\/\/www.acj-clairmatin.fr\/test\/?page_id=5162"},"modified":"2024-01-31T12:59:23","modified_gmt":"2024-01-31T11:59:23","slug":"programme-des-repetitions","status":"publish","type":"page","link":"https:\/\/www.acj-clairmatin.fr\/test\/?page_id=5162","title":{"rendered":"Programme des r\u00e9p\u00e9titions"},"content":{"rendered":"\n<p style=\"text-align: center;\"><span style=\"font-family: comic sans ms, sans-serif; font-size: 14pt;\">Si vous avez \u00e9t\u00e9 absent(e)s vous pourrez retrouver sur cette page les morceaux travaill\u00e9s pendant les r\u00e9p\u00e9titions<\/span><\/p>\n<table style=\"border-collapse: collapse; width: 100%; height: 230px;\">\n<tbody>\n<tr style=\"height: 24px;\">\n<td style=\"width: 5%; height: 96px; vertical-align: top;\" rowspan=\"4\" scope=\"rowgroup\">\n<p style=\"text-align: center;\"><span style=\"font-family: comic sans ms, sans-serif; font-size: 14pt;\"><strong>F\u00e9vrier<br \/><br \/><br \/><br \/><\/strong><\/span><\/p>\n<\/td>\n<td style=\"width: 11.5625%; height: 24px; text-align: center;\"><span style=\"font-family: comic sans ms, sans-serif; font-size: 14pt;\"><strong>le 1er<br \/><\/strong><\/span><\/td>\n<td style=\"width: 11.7708%; height: 24px; text-align: center;\"><span style=\"font-family: comic sans ms, sans-serif; font-size: 14pt;\"><strong>le 8 <br \/><\/strong><\/span><\/td>\n<td style=\"width: 11.6667%; height: 24px; text-align: center;\"><span style=\"font-family: comic sans ms, sans-serif; font-size: 14pt;\"><strong>le 15<br \/><\/strong><\/span><\/td>\n<td style=\"width: 5%; height: 24px; text-align: center;\"><span style=\"font-family: comic sans ms, sans-serif; font-size: 14pt;\"><strong>le 22<\/strong><\/span><\/td>\n<td style=\"width: 5%; height: 24px; text-align: center;\"><span style=\"font-family: comic sans ms, sans-serif; font-size: 14pt;\"><strong>le 29<\/strong><\/span><\/td>\n<\/tr>\n<tr style=\"height: 24px;\">\n<td style=\"width: 11.5625%; height: 24px;\"><span style=\"font-family: comic sans ms, sans-serif; font-size: 14pt;\"><strong>\u00a0<\/strong><\/span><\/td>\n<td style=\"width: 11.7708%; height: 24px;\"><span style=\"font-family: comic sans ms, sans-serif; font-size: 14pt;\"><strong>\u00a0<\/strong><\/span><\/td>\n<td style=\"width: 11.6667%; height: 24px;\"><span style=\"font-family: comic sans ms, sans-serif; font-size: 14pt;\"><strong>\u00a0<\/strong><\/span><\/td>\n<td style=\"width: 5%; height: 24px;\">\u00a0<\/td>\n<td style=\"width: 5%; height: 24px;\">\u00a0<\/td>\n<\/tr>\n<tr style=\"height: 24px;\">\n<td style=\"width: 11.5625%; height: 24px;\"><span style=\"font-family: comic sans ms, sans-serif; font-size: 14pt;\"><strong>\u00a0<\/strong><\/span><\/td>\n<td style=\"width: 11.7708%; height: 24px;\"><span style=\"font-family: comic sans ms, sans-serif; font-size: 14pt;\"><strong>\u00a0<\/strong><\/span><\/td>\n<td style=\"width: 11.6667%; height: 24px;\"><span style=\"font-family: comic sans ms, sans-serif; font-size: 14pt;\"><strong>\u00a0<\/strong><\/span><\/td>\n<td style=\"width: 5%; height: 24px;\">\u00a0<\/td>\n<td style=\"width: 5%; height: 24px;\">\u00a0<\/td>\n<\/tr>\n<tr style=\"height: 24px;\">\n<td style=\"width: 11.5625%; height: 24px;\"><span style=\"font-family: comic sans ms, sans-serif; font-size: 14pt;\"><strong>\u00a0<\/strong><\/span><\/td>\n<td style=\"width: 11.7708%; height: 24px;\"><span style=\"font-family: comic sans ms, sans-serif; font-size: 14pt;\"><strong>\u00a0<\/strong><\/span><\/td>\n<td style=\"width: 11.6667%; height: 24px;\"><span style=\"font-family: comic sans ms, sans-serif; font-size: 14pt;\"><strong>\u00a0<\/strong><\/span><\/td>\n<td style=\"width: 5%; height: 24px;\">\u00a0<\/td>\n<td style=\"width: 5%; height: 24px;\">\u00a0<\/td>\n<\/tr>\n<tr style=\"height: 24px;\">\n<td style=\"width: 5%; height: 134px; text-align: center; vertical-align: top;\" rowspan=\"4\" scope=\"rowgroup\"><span style=\"font-family: comic sans ms, sans-serif; font-size: 14pt;\"><strong>Janvier<\/strong><\/span><\/td>\n<td style=\"width: 11.5625%; height: 24px; text-align: center;\"><span style=\"font-family: comic sans ms, sans-serif; font-size: 14pt;\"><strong>le 11<br \/><\/strong><\/span><\/td>\n<td style=\"width: 11.7708%; height: 24px; text-align: center;\"><span style=\"font-family: comic sans ms, sans-serif; font-size: 14pt;\"><strong>le 18<\/strong><\/span><\/td>\n<td style=\"width: 11.6667%; height: 24px; text-align: center;\"><span style=\"font-family: comic sans ms, sans-serif; font-size: 14pt;\"><strong>le 25<\/strong><\/span><\/td>\n<td style=\"width: 5%; height: 24px;\">\u00a0<\/td>\n<td style=\"width: 5%; height: 24px;\">\u00a0<\/td>\n<\/tr>\n<tr style=\"height: 49px;\">\n<td style=\"width: 11.5625%; height: 37px;\">\u00a0<\/td>\n<td style=\"width: 11.7708%; height: 37px; text-align: center;\"><span style=\"font-family: comic sans ms, sans-serif; font-size: 14pt;\">AMENO<\/span><\/td>\n<td style=\"width: 11.6667%; height: 37px; text-align: center;\"><span style=\"font-family: comic sans ms, sans-serif; font-size: 14pt;\">PETITE MESSE ROSSINI<\/span><\/td>\n<td style=\"width: 5%; height: 37px;\">\u00a0<\/td>\n<td style=\"width: 5%; height: 37px;\">\u00a0<\/td>\n<\/tr>\n<tr style=\"height: 24px;\">\n<td style=\"width: 11.5625%; height: 24px;\">\u00a0<\/td>\n<td style=\"width: 11.7708%; height: 24px; text-align: center;\"><span style=\"font-family: comic sans ms, sans-serif; font-size: 14pt;\">C&rsquo;EST BEAU LA VIE<\/span><\/td>\n<td style=\"width: 11.6667%; height: 24px; text-align: center;\"><span style=\"font-family: comic sans ms, sans-serif; font-size: 14pt;\">AMENO<\/span><\/td>\n<td style=\"width: 5%; height: 24px;\">\u00a0<\/td>\n<td style=\"width: 5%; height: 24px;\">\u00a0<\/td>\n<\/tr>\n<tr style=\"height: 49px;\">\n<td style=\"width: 11.5625%; height: 49px;\">\u00a0<\/td>\n<td style=\"width: 11.7708%; height: 49px; text-align: center;\"><span style=\"font-family: comic sans ms, sans-serif; font-size: 14pt;\">PETITE MESSE SOLENNELLE<\/span><\/td>\n<td style=\"width: 11.6667%; height: 49px; text-align: center;\"><span style=\"font-family: comic sans ms, sans-serif; font-size: 14pt;\">SOMEWHERE IN MY MEMORY<\/span><\/td>\n<td style=\"width: 5%; height: 49px;\">\u00a0<\/td>\n<td style=\"width: 5%; height: 49px;\">\u00a0<\/td>\n<\/tr>\n<\/tbody>\n<\/table>\n\n\n\n<table class=\" aligncenter\" style=\"width: 106.13%; border-collapse: collapse; height: 503px;\">\n<tbody>\n<tr style=\"height: 155px;\">\n<td style=\"width: 25%; text-align: center; height: 155px;\">\n<p><span style=\"font-family: comic sans ms, sans-serif; font-size: 14pt;\"><strong>Date de<\/strong><\/span><\/p>\n<p><span style=\"font-family: comic sans ms, sans-serif; font-size: 14pt;\"><strong>la r\u00e9p\u00e9tition<\/strong><\/span><\/p>\n<\/td>\n<td style=\"width: 25%; text-align: center; height: 155px;\">\n<p>\u00a0<\/p>\n<p><span style=\"font-family: comic sans ms, sans-serif; font-size: 14pt;\"><strong>Chant travaill\u00e9<\/strong><\/span><\/p>\n<p>\u00a0<\/p>\n<\/td>\n<td style=\"width: 25%; text-align: center; height: 155px;\">\n<p>\u00a0<\/p>\n<p><span style=\"font-family: comic sans ms, sans-serif; font-size: 14pt;\"><strong>Mesures ou Parties<\/strong><\/span><\/p>\n<p>\u00a0<\/p>\n<\/td>\n<td style=\"width: 25%; text-align: center; height: 155px;\">\n<p>\u00a0<\/p>\n<p><span style=\"font-family: comic sans ms, sans-serif; font-size: 14pt;\"><strong>Commentaires<\/strong><\/span><\/p>\n<p>\u00a0<\/p>\n<\/td>\n<\/tr>\n<tr>\n<td style=\"width: 25%;\"><strong><span style=\"font-family: comic sans ms, sans-serif; font-size: 14pt;\">1er F\u00e9vrier 2024<br \/><\/span><\/strong><\/td>\n<td style=\"width: 25%;\"><span style=\"font-family: comic sans ms, sans-serif; font-size: 14pt;\">Machin truc chouette<br \/><\/span><\/td>\n<td style=\"width: 25%;\"><span style=\"font-family: comic sans ms, sans-serif; font-size: 14pt;\">1 \u00e0 18<br \/><\/span><\/td>\n<td style=\"width: 25%;\"><span style=\"font-family: comic sans ms, sans-serif; font-size: 14pt;\">\u00a0<\/span><\/td>\n<\/tr>\n<tr>\n<td style=\"width: 25%;\"><strong><span style=\"font-family: comic sans ms, sans-serif; font-size: 14pt;\">\u00a0<\/span><\/strong><\/td>\n<td style=\"width: 25%;\"><span style=\"font-family: comic sans ms, sans-serif; font-size: 14pt;\">Encore un truc<br \/><\/span><\/td>\n<td style=\"width: 25%;\"><span style=\"font-family: comic sans ms, sans-serif; font-size: 14pt;\">54 \u00e0 la fin<br \/><\/span><\/td>\n<td style=\"width: 25%;\"><span style=\"font-family: comic sans ms, sans-serif; font-size: 14pt;\">\u00a0<\/span><\/td>\n<\/tr>\n<tr>\n<td style=\"width: 25%;\"><strong><span style=\"font-family: comic sans ms, sans-serif; font-size: 14pt;\">\u00a0<\/span><\/strong><\/td>\n<td style=\"width: 25%;\"><span style=\"font-family: comic sans ms, sans-serif; font-size: 14pt;\">\u00a0<\/span><\/td>\n<td style=\"width: 25%;\"><span style=\"font-family: comic sans ms, sans-serif; font-size: 14pt;\">\u00a0<\/span><\/td>\n<td style=\"width: 25%;\"><span style=\"font-family: comic sans ms, sans-serif; font-size: 14pt;\">\u00a0<\/span><\/td>\n<\/tr>\n<tr>\n<td style=\"width: 25%;\"><strong><span style=\"font-family: comic sans ms, sans-serif; font-size: 14pt;\">\u00a0<\/span><\/strong><\/td>\n<td style=\"width: 25%;\"><span style=\"font-family: comic sans ms, sans-serif; font-size: 14pt;\">\u00a0<\/span><\/td>\n<td style=\"width: 25%;\"><span style=\"font-family: comic sans ms, sans-serif; font-size: 14pt;\">\u00a0<\/span><\/td>\n<td style=\"width: 25%;\"><span style=\"font-family: comic sans ms, sans-serif; font-size: 14pt;\">\u00a0<\/span><\/td>\n<\/tr>\n<tr style=\"height: 21px;\">\n<td style=\"width: 25%; height: 21px;\"><strong><span style=\"font-family: comic sans ms, sans-serif; font-size: 14pt;\">25 Janvier 2024<\/span><\/strong><\/td>\n<td style=\"width: 25%; height: 21px;\"><span style=\"font-family: comic sans ms, sans-serif; font-size: 14pt;\">ADIEMUS<\/span><\/td>\n<td style=\"width: 25%; height: 21px;\"><span style=\"font-family: comic sans ms, sans-serif; font-size: 14pt;\">5 \u00e0 46<\/span><\/td>\n<td style=\"width: 25%; height: 21px;\"><span style=\"font-family: comic sans ms, sans-serif; font-size: 14pt;\">Nouveau Chant<\/span><\/td>\n<\/tr>\n<tr style=\"height: 20px;\">\n<td style=\"width: 25%; height: 20px;\">\u00a0<\/td>\n<td style=\"width: 25%; height: 20px;\"><span style=\"font-family: comic sans ms, sans-serif; font-size: 14pt;\">CANTATE DOMINO<\/span><\/td>\n<td style=\"width: 25%; height: 20px;\"><span style=\"font-family: comic sans ms, sans-serif; font-size: 14pt;\">1 \u00e0 34<\/span><\/td>\n<td style=\"width: 25%; height: 20px;\">\u00a0<\/td>\n<\/tr>\n<tr style=\"height: 41px;\">\n<td style=\"width: 25%; height: 41px;\">\u00a0<\/td>\n<td style=\"width: 25%; height: 41px;\"><span style=\"font-family: comic sans ms, sans-serif; font-size: 14pt;\">QUAND IL EST MORT LE POETE<\/span><\/td>\n<td style=\"width: 25%; height: 41px;\"><span style=\"font-family: comic sans ms, sans-serif; font-size: 14pt;\">entier<\/span><\/td>\n<td style=\"width: 25%; height: 41px;\">\u00a0<\/td>\n<\/tr>\n<tr>\n<td style=\"width: 25%;\">\u00a0<\/td>\n<td style=\"width: 25%;\">\u00a0<\/td>\n<td style=\"width: 25%;\">\u00a0<\/td>\n<td style=\"width: 25%;\">\u00a0<\/td>\n<\/tr>\n<tr style=\"height: 20px;\">\n<td style=\"width: 25%; height: 20px;\"><strong><span style=\"font-family: comic sans ms, sans-serif; font-size: 14pt;\">18 Janvier 2024<\/span><\/strong><\/td>\n<td style=\"width: 25%; height: 20px;\"><span style=\"font-family: comic sans ms, sans-serif; font-size: 14pt;\">PETITE MESSE<\/span><\/td>\n<td style=\"width: 25%; height: 20px;\">\u00a0<\/td>\n<td style=\"width: 25%; height: 20px;\">\u00a0<\/td>\n<\/tr>\n<tr>\n<td style=\"width: 25%;\">\u00a0<\/td>\n<td style=\"width: 25%;\"><span style=\"font-family: comic sans ms, sans-serif; font-size: 14pt;\">AMENO<\/span><\/td>\n<td style=\"width: 25%;\">\u00a0<\/td>\n<td style=\"width: 25%;\">\u00a0<\/td>\n<\/tr>\n<tr>\n<td style=\"width: 25%;\">\u00a0<\/td>\n<td style=\"width: 25%;\"><span style=\"font-family: comic sans ms, sans-serif; font-size: 14pt;\">SOMEWHERE IN MY MEMORY<\/span><\/td>\n<td style=\"width: 25%;\">\u00a0<\/td>\n<td style=\"width: 25%;\">\u00a0<\/td>\n<\/tr>\n<tr>\n<td style=\"width: 25%;\">\u00a0<\/td>\n<td style=\"width: 25%;\"><span style=\"font-family: comic sans ms, sans-serif; font-size: 14pt;\">\u00a0<\/span><\/td>\n<td style=\"width: 25%;\">\u00a0<\/td>\n<td style=\"width: 25%;\">\u00a0<\/td>\n<\/tr>\n<tr>\n<td style=\"width: 25%;\"><strong><span style=\"font-family: comic sans ms, sans-serif; font-size: 14pt;\">9 Janvier 2024<\/span><\/strong><\/td>\n<td style=\"width: 25%;\">\u00a0<\/td>\n<td style=\"width: 25%;\">\u00a0<\/td>\n<td style=\"width: 25%;\">\u00a0<\/td>\n<\/tr>\n<tr>\n<td style=\"width: 25%;\"><strong><span style=\"font-family: comic sans ms, sans-serif; font-size: 14pt;\">\u00a0<\/span><\/strong><\/td>\n<td style=\"width: 25%;\">\u00a0<\/td>\n<td style=\"width: 25%;\">\u00a0<\/td>\n<td style=\"width: 25%;\">\u00a0<\/td>\n<\/tr>\n<tr>\n<td style=\"width: 25%;\">\u00a0<\/td>\n<td style=\"width: 25%;\">\u00a0<\/td>\n<td style=\"width: 25%;\">\u00a0<\/td>\n<td style=\"width: 25%;\">\u00a0<\/td>\n<\/tr>\n<\/tbody>\n<\/table>\n<p>\u00a0<\/p>\n","protected":false},"excerpt":{"rendered":"<p>Si vous avez \u00e9t\u00e9 absent(e)s vous pourrez retrouver sur cette page les morceaux travaill\u00e9s pendant les r\u00e9p\u00e9titions F\u00e9vrier le 1er le 8 le 15 le 22 le 29 \u00a0 \u00a0 \u00a0 \u00a0 \u00a0 \u00a0 \u00a0 \u00a0 \u00a0 \u00a0 \u00a0 \u00a0 \u00a0 \u00a0 \u00a0 Janvier le 11 le 18 le 25 \u00a0 \u00a0 \u00a0 AMENO PETITE MESSE ROSSINI \u00a0 \u00a0 \u00a0 C&rsquo;EST BEAU LA VIE AMENO \u00a0 \u00a0 \u00a0 PETITE MESSE SOLENNELLE SOMEWHERE IN MY MEMORY \u00a0 \u00a0 Date de la r\u00e9p\u00e9tition \u00a0 Chant travaill\u00e9 \u00a0 \u00a0 Mesures ou Parties \u00a0 \u00a0 Commentaires \u00a0 1er F\u00e9vrier 2024 Machin truc chouette 1&#46;&#46;&#46;<\/p>\n","protected":false},"author":5,"featured_media":0,"parent":0,"menu_order":0,"comment_status":"closed","ping_status":"closed","template":"","meta":[],"_links":{"self":[{"href":"https:\/\/www.acj-clairmatin.fr\/test\/index.php?rest_route=\/wp\/v2\/pages\/5162"}],"collection":[{"href":"https:\/\/www.acj-clairmatin.fr\/test\/index.php?rest_route=\/wp\/v2\/pages"}],"about":[{"href":"https:\/\/www.acj-clairmatin.fr\/test\/index.php?rest_route=\/wp\/v2\/types\/page"}],"author":[{"embeddable":true,"href":"https:\/\/www.acj-clairmatin.fr\/test\/index.php?rest_route=\/wp\/v2\/users\/5"}],"replies":[{"embeddable":true,"href":"https:\/\/www.acj-clairmatin.fr\/test\/index.php?rest_route=%2Fwp%2Fv2%2Fcomments&post=5162"}],"version-history":[{"count":18,"href":"https:\/\/www.acj-clairmatin.fr\/test\/index.php?rest_route=\/wp\/v2\/pages\/5162\/revisions"}],"predecessor-version":[{"id":5192,"href":"https:\/\/www.acj-clairmatin.fr\/test\/index.php?rest_route=\/wp\/v2\/pages\/5162\/revisions\/5192"}],"wp:attachment":[{"href":"https:\/\/www.acj-clairmatin.fr\/test\/index.php?rest_route=%2Fwp%2Fv2%2Fmedia&parent=5162"}],"curies":[{"name":"wp","href":"https:\/\/api.w.org\/{rel}","templated":true}]}}