{"id":56,"date":"2014-07-26T12:12:55","date_gmt":"2014-07-26T11:12:55","guid":{"rendered":"http:\/\/www.acj-poitiers.fr\/?page_id=56"},"modified":"2023-08-09T15:33:38","modified_gmt":"2023-08-09T14:33:38","slug":"contactez","status":"publish","type":"page","link":"https:\/\/www.acj-clairmatin.fr\/test\/?page_id=56","title":{"rendered":"Contact"},"content":{"rendered":"<p><span style=\"font-family: 'comic sans ms', sans-serif; font-size: 14pt;\"><strong><span style=\"color: #000000;\">Pour tout renseignement sur A C\u0153ur Joie Clair Matin, \u00a0\u00a0<\/span><\/strong><\/span><\/p>\n<p><strong><span style=\"font-family: 'comic sans ms', sans-serif; font-size: 18pt;\">\u21d2 <\/span><\/strong><span style=\"color: #000000;\"><span style=\"font-family: 'comic sans ms', sans-serif; font-size: 14pt;\">nous <\/span><span style=\"font-family: 'comic sans ms', sans-serif; font-size: 14pt;\">contacter par t\u00e9l\u00e9phone<\/span><\/span><\/p>\n<p><span style=\"font-family: 'comic sans ms', sans-serif; color: #000000; font-size: 14pt;\">Martine FOURCADE, pr\u00e9sidente \u00a0 \u00a0 \u00a0 \u00a0au <strong>06 08 99 58 59<\/strong><\/span><\/p>\n<p><span style=\"font-family: 'comic sans ms', sans-serif; color: #000000; font-size: 14pt;\">S\u00e9bastien PORTELLI, chef de choeur \u00a0au<strong>\u00a006 03 56 12 02<\/strong><\/span><\/p>\n<p><span style=\"font-family: 'comic sans ms', sans-serif; font-size: 14pt;\"><strong><span style=\"font-family: 'comic sans ms', sans-serif; font-size: 18pt;\">\u21d2 <\/span><\/strong><span style=\"color: #000000;\">nous adresser un courriel \u00e0<\/span> : <a href=\"mailto:acj.clairmatin@gmail.com\">acj.clairmatin@gmail.com<\/a><\/span><\/p>\n<p><strong><span style=\"font-family: 'comic sans ms', sans-serif; font-size: 18pt;\">\u21d2 <\/span><\/strong><span style=\"font-family: 'comic sans ms', sans-serif; font-size: 14pt; color: #000000;\">ou utiliser le formulaire de contact pour nous envoyer un courriel:<\/span><\/p>\n\n<div class=\"wpcf7 no-js\" id=\"wpcf7-f38-o1\" lang=\"fr-FR\" dir=\"ltr\">\n<div class=\"screen-reader-response\"><p role=\"status\" aria-live=\"polite\" aria-atomic=\"true\"><\/p> <ul><\/ul><\/div>\n<form action=\"\/test\/index.php?rest_route=%2Fwp%2Fv2%2Fpages%2F56#wpcf7-f38-o1\" method=\"post\" class=\"wpcf7-form init\" aria-label=\"Formulaire de contact\" novalidate=\"novalidate\" data-status=\"init\">\n<div style=\"display: none;\">\n<input type=\"hidden\" name=\"_wpcf7\" value=\"38\" \/>\n<input type=\"hidden\" name=\"_wpcf7_version\" value=\"5.7.7\" \/>\n<input type=\"hidden\" name=\"_wpcf7_locale\" value=\"fr_FR\" \/>\n<input type=\"hidden\" name=\"_wpcf7_unit_tag\" value=\"wpcf7-f38-o1\" \/>\n<input type=\"hidden\" name=\"_wpcf7_container_post\" value=\"0\" \/>\n<input type=\"hidden\" name=\"_wpcf7_posted_data_hash\" value=\"\" \/>\n<\/div>\n<p>Votre nom (obligatoire)\n<\/p>\n<p><span class=\"wpcf7-form-control-wrap\" data-name=\"your-name\"><input size=\"40\" class=\"wpcf7-form-control wpcf7-text wpcf7-validates-as-required\" aria-required=\"true\" aria-invalid=\"false\" value=\"\" type=\"text\" name=\"your-name\" \/><\/span>\n<\/p>\n<p>Votre email (obligatoire)\n<\/p>\n<p><span class=\"wpcf7-form-control-wrap\" data-name=\"your-email\"><input size=\"40\" class=\"wpcf7-form-control wpcf7-text wpcf7-email wpcf7-validates-as-required wpcf7-validates-as-email\" aria-required=\"true\" aria-invalid=\"false\" value=\"\" type=\"email\" name=\"your-email\" \/><\/span>\n<\/p>\n<p>Sujet\n<\/p>\n<p><span class=\"wpcf7-form-control-wrap\" data-name=\"your-subject\"><input size=\"40\" class=\"wpcf7-form-control wpcf7-text\" aria-invalid=\"false\" value=\"\" type=\"text\" name=\"your-subject\" \/><\/span>\n<\/p>\n<p>Votre message\n<\/p>\n<p><span class=\"wpcf7-form-control-wrap\" data-name=\"your-message\"><textarea cols=\"40\" rows=\"10\" class=\"wpcf7-form-control wpcf7-textarea\" aria-invalid=\"false\" name=\"your-message\"><\/textarea><\/span>\n<\/p>\n<p><br \/>\n<input type=\"hidden\" name=\"_wpcf7_captcha_challenge_captcha-76\" value=\"4288222717\" \/><img class=\"wpcf7-form-control wpcf7-captchac wpcf7-captcha-captcha-76\" width=\"72\" height=\"24\" alt=\"captcha\" src=\"https:\/\/www.acj-clairmatin.fr\/test\/wp-content\/uploads\/wpcf7_captcha\/4288222717.png\" \/><br \/>\nRecopier le code ci-dessous<br \/>\n<span class=\"wpcf7-form-control-wrap\" data-name=\"captcha-76\"><input size=\"40\" class=\"wpcf7-form-control wpcf7-captchar\" autocomplete=\"off\" aria-invalid=\"false\" value=\"\" type=\"text\" name=\"captcha-76\" \/><\/span>\n<\/p>\n<p><input class=\"wpcf7-form-control has-spinner wpcf7-submit\" type=\"submit\" value=\"Envoyer\" \/>\n<\/p><div class=\"wpcf7-response-output\" aria-hidden=\"true\"><\/div>\n<\/form>\n<\/div>\n\n","protected":false},"excerpt":{"rendered":"<p>Pour tout renseignement sur A C\u0153ur Joie Clair Matin, \u00a0\u00a0 \u21d2 nous contacter par t\u00e9l\u00e9phone Martine FOURCADE, pr\u00e9sidente \u00a0 \u00a0 \u00a0 \u00a0au 06 08 99 58 59 S\u00e9bastien PORTELLI, chef de choeur \u00a0au\u00a006 03 56 12 02 \u21d2 nous adresser un courriel \u00e0 : acj.clairmatin@gmail.com \u21d2 ou utiliser le formulaire de contact pour nous envoyer un courriel:<\/p>\n","protected":false},"author":5,"featured_media":0,"parent":0,"menu_order":0,"comment_status":"closed","ping_status":"closed","template":"","meta":[],"_links":{"self":[{"href":"https:\/\/www.acj-clairmatin.fr\/test\/index.php?rest_route=\/wp\/v2\/pages\/56"}],"collection":[{"href":"https:\/\/www.acj-clairmatin.fr\/test\/index.php?rest_route=\/wp\/v2\/pages"}],"about":[{"href":"https:\/\/www.acj-clairmatin.fr\/test\/index.php?rest_route=\/wp\/v2\/types\/page"}],"author":[{"embeddable":true,"href":"https:\/\/www.acj-clairmatin.fr\/test\/index.php?rest_route=\/wp\/v2\/users\/5"}],"replies":[{"embeddable":true,"href":"https:\/\/www.acj-clairmatin.fr\/test\/index.php?rest_route=%2Fwp%2Fv2%2Fcomments&post=56"}],"version-history":[{"count":22,"href":"https:\/\/www.acj-clairmatin.fr\/test\/index.php?rest_route=\/wp\/v2\/pages\/56\/revisions"}],"predecessor-version":[{"id":4999,"href":"https:\/\/www.acj-clairmatin.fr\/test\/index.php?rest_route=\/wp\/v2\/pages\/56\/revisions\/4999"}],"wp:attachment":[{"href":"https:\/\/www.acj-clairmatin.fr\/test\/index.php?rest_route=%2Fwp%2Fv2%2Fmedia&parent=56"}],"curies":[{"name":"wp","href":"https:\/\/api.w.org\/{rel}","templated":true}]}}