{"id":80,"date":"2014-07-16T11:36:48","date_gmt":"2014-07-16T10:36:48","guid":{"rendered":"http:\/\/www.acj-poitiers.fr\/?page_id=80"},"modified":"2023-08-09T16:56:10","modified_gmt":"2023-08-09T15:56:10","slug":"qui-est-il","status":"publish","type":"page","link":"https:\/\/www.acj-clairmatin.fr\/test\/?page_id=80","title":{"rendered":"Notre histoire"},"content":{"rendered":"<div>\n<p class=\"Standard\" style=\"text-align: justify;\"><span style=\"font-family: 'comic sans ms', sans-serif; font-size: 14pt; color: #000000;\">Fond\u00e9e en 1948 par Georges Prost, reprise en 1953 par Henri Tiscornia notre chorale a rejoint en 1955 le mouvement \u00e0 choeur joie cr\u00e9\u00e9 \u00e0 la fin de la guerre \u00e0 Lyon\u00a0 par C\u00e9sar Geoffray. Ce mouvement est porteur des valeurs de partage et d&rsquo;humanisme et a pour vocation de faire rayonner l&rsquo;amour de la polyphonie dans un esprit de convivialit\u00e9. <\/span><\/p>\n<p class=\"Standard\" style=\"text-align: justify;\"><span style=\"font-family: 'comic sans ms', sans-serif; font-size: 14pt; color: #000000;\">Henri Tiscornia\u00a0 chef de choeur amateur, dirigera Clair Matin pendant plus de 60 ans. <\/span><span style=\"font-family: 'comic sans ms', sans-serif; font-size: 14pt; color: #000000;\">Sa passion de la musique alli\u00e9e \u00e0 son infatigable d\u00e9vouement permettra \u00e0 plusieurs g\u00e9n\u00e9rations de choristes de donner des centaines de concerts en France et \u00e0 l&rsquo;\u00e9tranger, de participer \u00e0 divers festivals, notamment aux Choralies de Vaison La Romaine, ou encore de d\u00e9fendre la cause de nombreuses associations. Sous la direction de ce chef de 1953 \u00e0 2015, notre chorale a compt\u00e9 jusqu&rsquo;\u00e0 100 choristes, a r\u00e9alis\u00e9 des enregistrements sonores et t\u00e9l\u00e9visuels et a eu l&rsquo;honneur d&rsquo;\u00eatre dirig\u00e9e par Michel Corboz dans le requiem de Von Supp\u00e9 en 2001.<\/span><\/p>\n<\/div>\n<div>\n<p class=\"Standard\" style=\"text-align: justify;\"><span style=\"font-family: 'comic sans ms', sans-serif; font-size: 14pt; color: #000000;\">Depuis 2015, S\u00e9bastien Portelli assure avec brio la p\u00e9rennit\u00e9 du ch\u0153ur mixte d&rsquo;environ 50 choristes, au r\u00e9pertoire vari\u00e9 : profane, sacr\u00e9, contemporain folklorique et populaire, a cappella, ou accompagn\u00e9 de musiciens. Dans le cadre du jumelage France-Allemagne, le ch\u0153ur porte aujourd&rsquo;hui encore tous les deux ans ses voix \u00e0 Mannheim, et seul le confinement a interrompu ce rythme d&rsquo;\u00e9changes d\u00e9but\u00e9 il y a 70 ans. La Spezia \u00e9galement nous re\u00e7oit avec r\u00e9gularit\u00e9 pour le jumelage France-Italie.<\/span><\/p>\n<p style=\"text-align: justify;\"><span style=\"font-family: 'comic sans ms', sans-serif; font-size: 14pt; color: #000000;\">Vous aimez chanter ? Venez m\u00ealer votre voix aux n\u00f4tres !<\/span><\/p>\n<p style=\"text-align: justify;\"><span style=\"font-family: 'comic sans ms', sans-serif; font-size: 14pt; color: #000000;\">Notre chorale est ouverte \u00e0 tous, m\u00e9lomanes, amateurs de tous niveaux, m\u00eame d\u00e9butants en chant et en musique.\u00a0Progressivement, la voix se forme et les notions de solf\u00e8ge s\u2019acqui\u00e8rent dans un climat amical et convivial.<\/span><\/p>\n<\/div>\n<div>\n<p class=\"Standard\">\n<\/div>\n","protected":false},"excerpt":{"rendered":"<p>Fond\u00e9e en 1948 par Georges Prost, reprise en 1953 par Henri Tiscornia notre chorale a rejoint en 1955 le mouvement \u00e0 choeur joie cr\u00e9\u00e9 \u00e0 la fin de la guerre \u00e0 Lyon\u00a0 par C\u00e9sar Geoffray. Ce mouvement est porteur des valeurs de partage et d&rsquo;humanisme et a pour vocation de faire rayonner l&rsquo;amour de la polyphonie dans un esprit de convivialit\u00e9. Henri Tiscornia\u00a0 chef de choeur amateur, dirigera Clair Matin pendant plus de 60 ans. Sa passion de la musique alli\u00e9e \u00e0 son infatigable d\u00e9vouement permettra \u00e0 plusieurs g\u00e9n\u00e9rations de choristes de donner des centaines de concerts en France et&#46;&#46;&#46;<\/p>\n","protected":false},"author":5,"featured_media":0,"parent":0,"menu_order":0,"comment_status":"closed","ping_status":"closed","template":"","meta":[],"_links":{"self":[{"href":"https:\/\/www.acj-clairmatin.fr\/test\/index.php?rest_route=\/wp\/v2\/pages\/80"}],"collection":[{"href":"https:\/\/www.acj-clairmatin.fr\/test\/index.php?rest_route=\/wp\/v2\/pages"}],"about":[{"href":"https:\/\/www.acj-clairmatin.fr\/test\/index.php?rest_route=\/wp\/v2\/types\/page"}],"author":[{"embeddable":true,"href":"https:\/\/www.acj-clairmatin.fr\/test\/index.php?rest_route=\/wp\/v2\/users\/5"}],"replies":[{"embeddable":true,"href":"https:\/\/www.acj-clairmatin.fr\/test\/index.php?rest_route=%2Fwp%2Fv2%2Fcomments&post=80"}],"version-history":[{"count":34,"href":"https:\/\/www.acj-clairmatin.fr\/test\/index.php?rest_route=\/wp\/v2\/pages\/80\/revisions"}],"predecessor-version":[{"id":5008,"href":"https:\/\/www.acj-clairmatin.fr\/test\/index.php?rest_route=\/wp\/v2\/pages\/80\/revisions\/5008"}],"wp:attachment":[{"href":"https:\/\/www.acj-clairmatin.fr\/test\/index.php?rest_route=%2Fwp%2Fv2%2Fmedia&parent=80"}],"curies":[{"name":"wp","href":"https:\/\/api.w.org\/{rel}","templated":true}]}}