{"id":89,"date":"2014-07-16T11:43:19","date_gmt":"2014-07-16T10:43:19","guid":{"rendered":"http:\/\/www.acj-poitiers.fr\/?page_id=89"},"modified":"2023-08-05T16:09:47","modified_gmt":"2023-08-05T15:09:47","slug":"le-chef-de-choeur","status":"publish","type":"page","link":"https:\/\/www.acj-clairmatin.fr\/test\/?page_id=89","title":{"rendered":"Le Chef de ch\u0153ur"},"content":{"rendered":"<p><span style=\"color: #000000;\"><a style=\"color: #000000;\" href=\"https:\/\/www.acj-clairmatin.fr\/wp-content\/uploads\/2023\/05\/Capture-decran-2023-05-19-a-17.49.18.png\"><img decoding=\"async\" loading=\"lazy\" class=\" wp-image-2200 alignleft\" src=\"https:\/\/www.acj-clairmatin.fr\/wp-content\/uploads\/2023\/05\/Capture-decran-2023-05-19-a-17.49.18-287x300.png\" alt=\"\" width=\"267\" height=\"279\" \/><\/a><span style=\"font-size: 18pt; font-family: 'comic sans ms', sans-serif;\"><strong>S\u00e9bastien PORTELLI<\/strong><\/span><\/span><\/p>\n<p style=\"text-align: justify;\"><span style=\"color: #000000;\"><span style=\"font-family: 'comic sans ms', sans-serif; font-size: 14pt;\">N\u00e9 dans la r\u00e9gion toulonnaise en 1975, il y est rest\u00e9 tr\u00e8s attach\u00e9. Au cours de ses \u00e9tudes musicales au Conservatoire de Toulon de 1982 \u00e0 1998, <\/span><span style=\"font-family: 'comic sans ms', sans-serif; font-size: 14pt;\">il \u00e9tudie le piano, les percussions, le saxhorn, et enfin l&rsquo;histoire de la musique et la composition.<\/span><\/span><\/p>\n<p style=\"text-align: justify;\"><span style=\"font-family: 'comic sans ms', sans-serif; font-size: 14pt; color: #000000;\">Apr\u00e8s sa formation, S\u00e9bastien enseigne un temps la musique en coll\u00e8ge, puis change de voie, et en 2013, il renoue avec la musique en prenant la direction de la chorale Cantabile de Gar\u00e9oult, puis en 2016 de la Chorale Clair Matin, et en 2018 des Ch\u0153urs Polyphoniques de l&rsquo;USAM.<\/span><\/p>\n<div class=\"col-md-6\">\n<div>\n<p class=\"Standard\"><span style=\"font-family: 'comic sans ms', sans-serif; font-size: 14pt; color: #000000;\">En 2017, il cr\u00e9e \u00e0 Toulon \u00ab\u00a0Envergure\u00a0\u00bb, une chorale de &lsquo;Jeunes&rsquo;.<\/span><\/p>\n<\/div>\n<div>\n<p class=\"Standard\" style=\"text-align: justify;\"><span style=\"font-family: 'comic sans ms', sans-serif; font-size: 14pt; color: #000000;\">Attir\u00e9 par la direction d&rsquo;orchestre, il reprend des \u00e9tudes musicales au conservatoire de Toulon en classe Chef d&rsquo;orchestre avec Messieurs Melin, Pairier et Maes. Ce passionn\u00e9 est aussi instrumentiste (percussions) et adore chanter en t\u00e9nor lorsque besoin est dans un ch\u0153ur.<\/span><\/p>\n<\/div>\n<div>\n<p class=\"Standard\" style=\"text-align: justify;\"><span style=\"font-family: 'comic sans ms', sans-serif; font-size: 14pt; color: #000000;\">Son ouverture d&rsquo;esprit, son travail pr\u00e9cis des partitions, sa bonne humeur et sa gentillesse sont appr\u00e9ci\u00e9s par l&rsquo;ensemble des choristes.<\/span><\/p>\n<\/div>\n<\/div>\n","protected":false},"excerpt":{"rendered":"<p>S\u00e9bastien PORTELLI N\u00e9 dans la r\u00e9gion toulonnaise en 1975, il y est rest\u00e9 tr\u00e8s attach\u00e9. Au cours de ses \u00e9tudes musicales au Conservatoire de Toulon de 1982 \u00e0 1998, il \u00e9tudie le piano, les percussions, le saxhorn, et enfin l&rsquo;histoire de la musique et la composition. Apr\u00e8s sa formation, S\u00e9bastien enseigne un temps la musique en coll\u00e8ge, puis change de voie, et en 2013, il renoue avec la musique en prenant la direction de la chorale Cantabile de Gar\u00e9oult, puis en 2016 de la Chorale Clair Matin, et en 2018 des Ch\u0153urs Polyphoniques de l&rsquo;USAM. En 2017, il cr\u00e9e \u00e0&#46;&#46;&#46;<\/p>\n","protected":false},"author":5,"featured_media":0,"parent":0,"menu_order":0,"comment_status":"closed","ping_status":"closed","template":"","meta":[],"_links":{"self":[{"href":"https:\/\/www.acj-clairmatin.fr\/test\/index.php?rest_route=\/wp\/v2\/pages\/89"}],"collection":[{"href":"https:\/\/www.acj-clairmatin.fr\/test\/index.php?rest_route=\/wp\/v2\/pages"}],"about":[{"href":"https:\/\/www.acj-clairmatin.fr\/test\/index.php?rest_route=\/wp\/v2\/types\/page"}],"author":[{"embeddable":true,"href":"https:\/\/www.acj-clairmatin.fr\/test\/index.php?rest_route=\/wp\/v2\/users\/5"}],"replies":[{"embeddable":true,"href":"https:\/\/www.acj-clairmatin.fr\/test\/index.php?rest_route=%2Fwp%2Fv2%2Fcomments&post=89"}],"version-history":[{"count":31,"href":"https:\/\/www.acj-clairmatin.fr\/test\/index.php?rest_route=\/wp\/v2\/pages\/89\/revisions"}],"predecessor-version":[{"id":4801,"href":"https:\/\/www.acj-clairmatin.fr\/test\/index.php?rest_route=\/wp\/v2\/pages\/89\/revisions\/4801"}],"wp:attachment":[{"href":"https:\/\/www.acj-clairmatin.fr\/test\/index.php?rest_route=%2Fwp%2Fv2%2Fmedia&parent=89"}],"curies":[{"name":"wp","href":"https:\/\/api.w.org\/{rel}","templated":true}]}}