{"id":92,"date":"2014-07-16T11:45:04","date_gmt":"2014-07-16T10:45:04","guid":{"rendered":"http:\/\/www.acj-poitiers.fr\/?page_id=92"},"modified":"2023-08-06T13:56:08","modified_gmt":"2023-08-06T12:56:08","slug":"le-repertoire","status":"publish","type":"page","link":"https:\/\/www.acj-clairmatin.fr\/test\/?page_id=92","title":{"rendered":"Le r\u00e9pertoire"},"content":{"rendered":"<div>\n<div><\/div>\n<div>\n<p class=\"Standard\" style=\"text-align: justify;\"><span style=\"font-family: 'comic sans ms', sans-serif; font-size: 14pt; color: #000000;\">Avec un r\u00e9pertoire tr\u00e8s vari\u00e9, entre chants profanes et sacr\u00e9s, a capella ou avec orchestre classique, ACJ CLAIR MATIN accueille toutes celles et ceux qui souhaitent partager la joie du chant choral, m\u00eame sans connaissances musicales.<\/span><\/p>\n<\/div>\n<div><\/div>\n<div>\n<p class=\"Standard\"><span style=\"font-size: 14pt; font-family: 'comic sans ms', sans-serif; color: #000000;\">Quelques titres de notre r\u00e9pertoire<\/span><\/p>\n<\/div>\n<p class=\"Standard\"><span style=\"font-family: 'comic sans ms', sans-serif; font-size: 14pt; color: #000000;\"><strong>Classique<\/strong><\/span><\/p>\n<\/div>\n<p><span style=\"font-family: 'comic sans ms', sans-serif; font-size: 14pt; color: #000000;\"><strong>\u266b Puccini &nbsp;<\/strong>Messa Di Gloria (en participation)<\/span><br \/>\n<span style=\"font-family: 'comic sans ms', sans-serif; font-size: 14pt; color: #000000;\"><strong>\u266b Beethoven &nbsp;<\/strong>9\u00e8me symphonie (en participation)<\/span><br \/>\n<span style=\"font-family: 'comic sans ms', sans-serif; font-size: 14pt; color: #000000;\"><strong>\u266b Faur\u00e9 &nbsp;<\/strong>Pavane, Cantique de Jean Racine<\/span><br \/>\n<span style=\"font-family: 'comic sans ms', sans-serif; font-size: 14pt; color: #000000;\"><strong>\u266b Bruckner &nbsp;<\/strong>Locus iste<\/span><br \/>\n<span style=\"font-family: 'comic sans ms', sans-serif; font-size: 14pt; color: #000000;\"><strong>\u266b Haendel &nbsp;<\/strong>Alleluia<\/span><br \/>\n<span style=\"font-family: 'comic sans ms', sans-serif; font-size: 14pt; color: #000000;\"><strong>\u266b Mozart &nbsp;<\/strong>Messe du Couronnement, &nbsp;Ave Verum, Requiem (en participation)<\/span><br \/>\n<span style=\"font-family: 'comic sans ms', sans-serif; font-size: 14pt; color: #000000;\"><strong>\u266b Carl Orff &nbsp;<\/strong>Carmina Burina (en participation)<\/span><br \/>\n<span style=\"font-family: 'comic sans ms', sans-serif; font-size: 14pt; color: #000000;\"><strong>\u266b Purcell &nbsp;<\/strong>Fun\u00e9railles de la Reine Marie<\/span><br \/>\n<span style=\"font-family: 'comic sans ms', sans-serif; font-size: 14pt; color: #000000;\"><strong>\u266b Schubert &nbsp;<\/strong>Messe Allemande<\/span><br \/>\n<span style=\"font-family: 'comic sans ms', sans-serif; font-size: 14pt; color: #000000;\"><strong>\u266b Vivaldi &nbsp;<\/strong>Gloria<\/span><\/p>\n<div>\n<p><span style=\"font-family: 'comic sans ms', sans-serif; font-size: 14pt; color: #000000;\">\u266b Et des \u0153uvres de <strong>Bortjanski, Lassus, Rossini, Saint Sa\u00ebns, Monteverdi.<\/strong>..<\/span><\/p>\n<\/div>\n<div>\n<p class=\"Standard\"><span style=\"font-family: 'comic sans ms', sans-serif; font-size: 14pt; color: #000000;\"><strong>Vari\u00e9t\u00e9 et Com\u00e9dies Musicales<\/strong><\/span><\/p>\n<\/div>\n<p><span style=\"font-family: 'comic sans ms', sans-serif; font-size: 14pt; color: #000000;\"><strong>\u266b <\/strong><span lang=\"EN-US\"><strong>Bernstein &nbsp;<\/strong>West Side Story<\/span><\/span><br \/>\n<span style=\"font-family: 'comic sans ms', sans-serif; font-size: 14pt; color: #000000;\"><strong>\u266b Passaquet &nbsp;<\/strong>Dans la troupe<\/span><br \/>\n<span style=\"font-family: 'comic sans ms', sans-serif; font-size: 14pt; color: #000000;\"><strong>\u266b Bovet &nbsp;<\/strong>Fanfare du Printemps, Meli Melo<\/span><br \/>\n<span style=\"font-family: 'comic sans ms', sans-serif; font-size: 14pt; color: #000000;\"><strong>\u266b G. B\u00e9caud &nbsp;<\/strong>Quand il est mort le Po\u00e8te<\/span><br \/>\n<span style=\"font-family: 'comic sans ms', sans-serif; font-size: 14pt; color: #000000;\"><strong>\u266b B. Lapointe &nbsp;<\/strong>Ta Katie t&rsquo;a quitt\u00e9<\/span><br \/>\n<span style=\"font-family: 'comic sans ms', sans-serif; font-size: 14pt; color: #000000;\"><strong>\u266b J. Ferrat &nbsp;<\/strong>C&rsquo;est beau la vie<\/span><\/p>\n<div>\n<div><\/div>\n<\/div>\n","protected":false},"excerpt":{"rendered":"<p>Avec un r\u00e9pertoire tr\u00e8s vari\u00e9, entre chants profanes et sacr\u00e9s, a capella ou avec orchestre classique, ACJ CLAIR MATIN accueille toutes celles et ceux qui souhaitent partager la joie du chant choral, m\u00eame sans connaissances musicales. Quelques titres de notre r\u00e9pertoire Classique \u266b Puccini &nbsp;Messa Di Gloria (en participation) \u266b Beethoven &nbsp;9\u00e8me symphonie (en participation) \u266b Faur\u00e9 &nbsp;Pavane, Cantique de Jean Racine \u266b Bruckner &nbsp;Locus iste \u266b Haendel &nbsp;Alleluia \u266b Mozart &nbsp;Messe du Couronnement, &nbsp;Ave Verum, Requiem (en participation) \u266b Carl Orff &nbsp;Carmina Burina (en participation) \u266b Purcell &nbsp;Fun\u00e9railles de la Reine Marie \u266b Schubert &nbsp;Messe Allemande \u266b Vivaldi &nbsp;Gloria&#46;&#46;&#46;<\/p>\n","protected":false},"author":5,"featured_media":0,"parent":0,"menu_order":0,"comment_status":"closed","ping_status":"closed","template":"","meta":[],"_links":{"self":[{"href":"https:\/\/www.acj-clairmatin.fr\/test\/index.php?rest_route=\/wp\/v2\/pages\/92"}],"collection":[{"href":"https:\/\/www.acj-clairmatin.fr\/test\/index.php?rest_route=\/wp\/v2\/pages"}],"about":[{"href":"https:\/\/www.acj-clairmatin.fr\/test\/index.php?rest_route=\/wp\/v2\/types\/page"}],"author":[{"embeddable":true,"href":"https:\/\/www.acj-clairmatin.fr\/test\/index.php?rest_route=\/wp\/v2\/users\/5"}],"replies":[{"embeddable":true,"href":"https:\/\/www.acj-clairmatin.fr\/test\/index.php?rest_route=%2Fwp%2Fv2%2Fcomments&post=92"}],"version-history":[{"count":23,"href":"https:\/\/www.acj-clairmatin.fr\/test\/index.php?rest_route=\/wp\/v2\/pages\/92\/revisions"}],"predecessor-version":[{"id":4869,"href":"https:\/\/www.acj-clairmatin.fr\/test\/index.php?rest_route=\/wp\/v2\/pages\/92\/revisions\/4869"}],"wp:attachment":[{"href":"https:\/\/www.acj-clairmatin.fr\/test\/index.php?rest_route=%2Fwp%2Fv2%2Fmedia&parent=92"}],"curies":[{"name":"wp","href":"https:\/\/api.w.org\/{rel}","templated":true}]}}