{"id":96,"date":"2014-07-16T11:46:47","date_gmt":"2014-07-16T10:46:47","guid":{"rendered":"http:\/\/www.acj-poitiers.fr\/?page_id=96"},"modified":"2023-08-05T16:59:17","modified_gmt":"2023-08-05T15:59:17","slug":"les-activites","status":"publish","type":"page","link":"https:\/\/www.acj-clairmatin.fr\/test\/?page_id=96","title":{"rendered":"Les Activit\u00e9s"},"content":{"rendered":"<div>\n<p class=\"Standard\" style=\"text-align: justify;\"><span style=\"font-family: 'comic sans ms', sans-serif; color: #000000; font-size: 14pt;\">La Chorale \u00ab\u00a0\u00c0 C\u0153ur Joie Clair Matin\u00a0\u00bb, ch\u0153ur mixte, rayonne sur Toulon depuis 75 ans.<\/span><\/p>\n<\/div>\n<div>\n<p class=\"Standard\" style=\"text-align: justify;\"><span style=\"color: #000000;\"><span style=\"font-size: 14pt; font-family: 'comic sans ms', sans-serif;\">Sous la direction de S\u00e9bastien Portelli, notre chorale poursuit ses activit\u00e9s dans la philosophie du Mouvement \u00c0 C\u0153ur Joie, dont elle est membre. <\/span><span style=\"font-family: 'comic sans ms', sans-serif; font-size: 14pt;\">Elle se produit r\u00e9guli\u00e8rement en concert, seule ou avec d\u2019autres chorales.<\/span><\/span><\/p>\n<\/div>\n<div>\n<p class=\"Standard\" style=\"text-align: justify;\"><span style=\"font-family: 'comic sans ms', sans-serif; font-size: 14pt; color: #000000;\">Au cours de la saison 2023-2024, en association avec d\u2019autres formations de choristes, nous aurons le plaisir de chanter \u00a0la \u00ab<\/span><span style=\"font-family: 'comic sans ms', sans-serif; font-size: 14pt; color: #000000;\"> Messa di Gloria \u00bb de Puccini, avec orchestre et solistes. Notre premi\u00e8re interpr\u00e9tation de cette \u0153uvre aura lieu \u00e0 Toulon le 14 octobre 2023 (pour c\u00e9l\u00e9brer nos 75 ans), puis \u00e0 Brignoles le 15 octobre.<\/span><\/p>\n<\/div>\n<div>\n<p class=\"Standard\"><span style=\"font-size: 14pt; font-family: 'comic sans ms', sans-serif; color: #000000;\">En 2024, dans le cadre du jumelage, nous irons porter nos voix jusqu\u2019\u00e0 La Spezzia et nous recevrons nos amis de Mannheim d\u00e9but octobre.<\/span><\/p>\n<\/div>\n","protected":false},"excerpt":{"rendered":"<p>La Chorale \u00ab\u00a0\u00c0 C\u0153ur Joie Clair Matin\u00a0\u00bb, ch\u0153ur mixte, rayonne sur Toulon depuis 75 ans. Sous la direction de S\u00e9bastien Portelli, notre chorale poursuit ses activit\u00e9s dans la philosophie du Mouvement \u00c0 C\u0153ur Joie, dont elle est membre. Elle se produit r\u00e9guli\u00e8rement en concert, seule ou avec d\u2019autres chorales. Au cours de la saison 2023-2024, en association avec d\u2019autres formations de choristes, nous aurons le plaisir de chanter \u00a0la \u00ab Messa di Gloria \u00bb de Puccini, avec orchestre et solistes. Notre premi\u00e8re interpr\u00e9tation de cette \u0153uvre aura lieu \u00e0 Toulon le 14 octobre 2023 (pour c\u00e9l\u00e9brer nos 75 ans), puis&#46;&#46;&#46;<\/p>\n","protected":false},"author":5,"featured_media":0,"parent":0,"menu_order":0,"comment_status":"closed","ping_status":"closed","template":"","meta":[],"_links":{"self":[{"href":"https:\/\/www.acj-clairmatin.fr\/test\/index.php?rest_route=\/wp\/v2\/pages\/96"}],"collection":[{"href":"https:\/\/www.acj-clairmatin.fr\/test\/index.php?rest_route=\/wp\/v2\/pages"}],"about":[{"href":"https:\/\/www.acj-clairmatin.fr\/test\/index.php?rest_route=\/wp\/v2\/types\/page"}],"author":[{"embeddable":true,"href":"https:\/\/www.acj-clairmatin.fr\/test\/index.php?rest_route=\/wp\/v2\/users\/5"}],"replies":[{"embeddable":true,"href":"https:\/\/www.acj-clairmatin.fr\/test\/index.php?rest_route=%2Fwp%2Fv2%2Fcomments&post=96"}],"version-history":[{"count":25,"href":"https:\/\/www.acj-clairmatin.fr\/test\/index.php?rest_route=\/wp\/v2\/pages\/96\/revisions"}],"predecessor-version":[{"id":4831,"href":"https:\/\/www.acj-clairmatin.fr\/test\/index.php?rest_route=\/wp\/v2\/pages\/96\/revisions\/4831"}],"wp:attachment":[{"href":"https:\/\/www.acj-clairmatin.fr\/test\/index.php?rest_route=%2Fwp%2Fv2%2Fmedia&parent=96"}],"curies":[{"name":"wp","href":"https:\/\/api.w.org\/{rel}","templated":true}]}}